{"id":1740,"date":"2024-05-24T13:03:39","date_gmt":"2024-05-24T13:03:39","guid":{"rendered":"https:\/\/araunahtech.com.br\/?page_id=1740"},"modified":"2024-10-22T12:31:20","modified_gmt":"2024-10-22T12:31:20","slug":"condicionador-de-solo","status":"publish","type":"page","link":"https:\/\/araunahtech.com.br\/?page_id=1740","title":{"rendered":"CONDICIONADOR DE SOLO"},"content":{"rendered":"\t\t<div data-elementor-type=\"wp-page\" data-elementor-id=\"1740\" class=\"elementor elementor-1740\" data-elementor-post-type=\"page\">\n\t\t\t\t\t\t<section class=\"elementor-section elementor-top-section elementor-element elementor-element-802d918 elementor-section-full_width elementor-section-height-default elementor-section-height-default\" data-id=\"802d918\" data-element_type=\"section\">\n\t\t\t\t\t\t<div class=\"elementor-container elementor-column-gap-default\">\n\t\t\t\t\t<div class=\"elementor-column elementor-col-100 elementor-top-column elementor-element elementor-element-555d6db\" data-id=\"555d6db\" data-element_type=\"column\">\n\t\t\t<div class=\"elementor-widget-wrap elementor-element-populated\">\n\t\t\t\t\t\t<div class=\"elementor-element elementor-element-6119334 elementor-widget elementor-widget-image\" data-id=\"6119334\" data-element_type=\"widget\" data-widget_type=\"image.default\">\n\t\t\t\t<div class=\"elementor-widget-container\">\n\t\t\t\t\t\t\t\t\t\t\t\t\t\t\t<img fetchpriority=\"high\" decoding=\"async\" width=\"1346\" height=\"452\" src=\"https:\/\/araunahtech.com.br\/wp-content\/uploads\/2024\/05\/BANNER-CONDICIONADOR.jpg\" class=\"attachment-full size-full wp-image-1742\" alt=\"\" srcset=\"https:\/\/araunahtech.com.br\/wp-content\/uploads\/2024\/05\/BANNER-CONDICIONADOR.jpg 1346w, https:\/\/araunahtech.com.br\/wp-content\/uploads\/2024\/05\/BANNER-CONDICIONADOR-300x101.jpg 300w, https:\/\/araunahtech.com.br\/wp-content\/uploads\/2024\/05\/BANNER-CONDICIONADOR-1024x344.jpg 1024w, https:\/\/araunahtech.com.br\/wp-content\/uploads\/2024\/05\/BANNER-CONDICIONADOR-768x258.jpg 768w\" sizes=\"(max-width: 1346px) 100vw, 1346px\" \/>\t\t\t\t\t\t\t\t\t\t\t\t\t\t\t<\/div>\n\t\t\t\t<\/div>\n\t\t\t\t\t<\/div>\n\t\t<\/div>\n\t\t\t\t\t<\/div>\n\t\t<\/section>\n\t\t\t\t<section class=\"elementor-section elementor-top-section elementor-element elementor-element-d9a82b5 elementor-section-full_width elementor-section-height-min-height elementor-section-height-default elementor-section-items-middle\" data-id=\"d9a82b5\" data-element_type=\"section\">\n\t\t\t\t\t\t<div class=\"elementor-container elementor-column-gap-default\">\n\t\t\t\t\t<div class=\"elementor-column elementor-col-100 elementor-top-column elementor-element elementor-element-8f534cc\" data-id=\"8f534cc\" data-element_type=\"column\" data-settings=\"{&quot;animation_mobile&quot;:&quot;fadeIn&quot;}\">\n\t\t\t<div class=\"elementor-widget-wrap elementor-element-populated\">\n\t\t\t\t\t\t<div class=\"elementor-element elementor-element-ccc51b5 elementor-widget__width-initial elementor-widget-mobile__width-initial elementor-widget elementor-widget-heading\" data-id=\"ccc51b5\" data-element_type=\"widget\" data-widget_type=\"heading.default\">\n\t\t\t\t<div class=\"elementor-widget-container\">\n\t\t\t\t\t<h2 class=\"elementor-heading-title elementor-size-large\">MAXIMUM<\/h2>\t\t\t\t<\/div>\n\t\t\t\t<\/div>\n\t\t\t\t<div class=\"elementor-element elementor-element-154e74a elementor-widget__width-initial elementor-widget-mobile__width-initial elementor-widget elementor-widget-image\" data-id=\"154e74a\" data-element_type=\"widget\" data-widget_type=\"image.default\">\n\t\t\t\t<div class=\"elementor-widget-container\">\n\t\t\t\t\t\t\t\t\t\t\t\t<figure class=\"wp-caption\">\n\t\t\t\t\t\t\t\t\t\t<img decoding=\"async\" width=\"800\" height=\"855\" src=\"https:\/\/araunahtech.com.br\/wp-content\/uploads\/2024\/10\/MAXIMUM_MOCKUP-GALAO_NOVO-ROTULO_2024-1-958x1024.png\" class=\"attachment-large size-large wp-image-3470\" alt=\"\" srcset=\"https:\/\/araunahtech.com.br\/wp-content\/uploads\/2024\/10\/MAXIMUM_MOCKUP-GALAO_NOVO-ROTULO_2024-1-958x1024.png 958w, https:\/\/araunahtech.com.br\/wp-content\/uploads\/2024\/10\/MAXIMUM_MOCKUP-GALAO_NOVO-ROTULO_2024-1-281x300.png 281w, https:\/\/araunahtech.com.br\/wp-content\/uploads\/2024\/10\/MAXIMUM_MOCKUP-GALAO_NOVO-ROTULO_2024-1-768x821.png 768w, https:\/\/araunahtech.com.br\/wp-content\/uploads\/2024\/10\/MAXIMUM_MOCKUP-GALAO_NOVO-ROTULO_2024-1.png 972w\" sizes=\"(max-width: 800px) 100vw, 800px\" \/>\t\t\t\t\t\t\t\t\t\t\t<figcaption class=\"widget-image-caption wp-caption-text\"><\/figcaption>\n\t\t\t\t\t\t\t\t\t\t<\/figure>\n\t\t\t\t\t\t\t\t\t<\/div>\n\t\t\t\t<\/div>\n\t\t\t\t<div class=\"elementor-element elementor-element-f839787 elementor-widget__width-initial elementor-widget-mobile__width-initial elementor-widget elementor-widget-text-editor\" data-id=\"f839787\" data-element_type=\"widget\" data-widget_type=\"text-editor.default\">\n\t\t\t\t<div class=\"elementor-widget-container\">\n\t\t\t\t\t\t\t\t\t<p><b>MAXIMUM<\/b> \u00e9 um condicionador de solo \u00e0 base de <strong>Leonardita Australiana<\/strong>. Possui a capacidade de condicionar a reten\u00e7\u00e3o de \u00e1gua e nutrientes no solo, aumentando a efici\u00eancia e disponibilidade para as ra\u00edzes. Possui uma das maiores concentra\u00e7\u00f5es de COT (Carbono Org\u00e2nico Total) do mercado, al\u00e9m de \u00e1cidos f\u00falvicos e h\u00famicos.<\/p>\t\t\t\t\t\t\t\t<\/div>\n\t\t\t\t<\/div>\n\t\t\t\t\t<\/div>\n\t\t<\/div>\n\t\t\t\t\t<\/div>\n\t\t<\/section>\n\t\t\t\t<\/div>\n\t\t","protected":false},"excerpt":{"rendered":"<p>MAXIMUM MAXIMUM \u00e9 um condicionador de solo \u00e0 base de Leonardita Australiana. Possui a capacidade de condicionar a reten\u00e7\u00e3o de \u00e1gua e nutrientes no solo, aumentando a efici\u00eancia e disponibilidade para as ra\u00edzes. Possui uma das maiores concentra\u00e7\u00f5es de COT (Carbono Org\u00e2nico Total) do mercado, al\u00e9m de \u00e1cidos f\u00falvicos e h\u00famicos.<\/p>\n","protected":false},"author":3,"featured_media":0,"parent":0,"menu_order":0,"comment_status":"closed","ping_status":"closed","template":"","meta":{"footnotes":""},"class_list":["post-1740","page","type-page","status-publish","hentry"],"_links":{"self":[{"href":"https:\/\/araunahtech.com.br\/index.php?rest_route=\/wp\/v2\/pages\/1740","targetHints":{"allow":["GET"]}}],"collection":[{"href":"https:\/\/araunahtech.com.br\/index.php?rest_route=\/wp\/v2\/pages"}],"about":[{"href":"https:\/\/araunahtech.com.br\/index.php?rest_route=\/wp\/v2\/types\/page"}],"author":[{"embeddable":true,"href":"https:\/\/araunahtech.com.br\/index.php?rest_route=\/wp\/v2\/users\/3"}],"replies":[{"embeddable":true,"href":"https:\/\/araunahtech.com.br\/index.php?rest_route=%2Fwp%2Fv2%2Fcomments&post=1740"}],"version-history":[{"count":25,"href":"https:\/\/araunahtech.com.br\/index.php?rest_route=\/wp\/v2\/pages\/1740\/revisions"}],"predecessor-version":[{"id":3473,"href":"https:\/\/araunahtech.com.br\/index.php?rest_route=\/wp\/v2\/pages\/1740\/revisions\/3473"}],"wp:attachment":[{"href":"https:\/\/araunahtech.com.br\/index.php?rest_route=%2Fwp%2Fv2%2Fmedia&parent=1740"}],"curies":[{"name":"wp","href":"https:\/\/api.w.org\/{rel}","templated":true}]}}