{"id":1863,"date":"2024-05-27T14:35:04","date_gmt":"2024-05-27T14:35:04","guid":{"rendered":"https:\/\/araunahtech.com.br\/?page_id=1863"},"modified":"2024-09-12T14:49:01","modified_gmt":"2024-09-12T14:49:01","slug":"compostagem","status":"publish","type":"page","link":"https:\/\/araunahtech.com.br\/?page_id=1863","title":{"rendered":"COMPOSTAGEM"},"content":{"rendered":"\t\t<div data-elementor-type=\"wp-page\" data-elementor-id=\"1863\" class=\"elementor elementor-1863\" data-elementor-post-type=\"page\">\n\t\t\t\t\t\t<section class=\"elementor-section elementor-top-section elementor-element elementor-element-802d918 elementor-section-full_width elementor-section-height-default elementor-section-height-default\" data-id=\"802d918\" data-element_type=\"section\">\n\t\t\t\t\t\t<div class=\"elementor-container elementor-column-gap-default\">\n\t\t\t\t\t<div class=\"elementor-column elementor-col-100 elementor-top-column elementor-element elementor-element-555d6db\" data-id=\"555d6db\" data-element_type=\"column\">\n\t\t\t<div class=\"elementor-widget-wrap elementor-element-populated\">\n\t\t\t\t\t\t<div class=\"elementor-element elementor-element-6119334 elementor-widget elementor-widget-image\" data-id=\"6119334\" data-element_type=\"widget\" data-widget_type=\"image.default\">\n\t\t\t\t<div class=\"elementor-widget-container\">\n\t\t\t\t\t\t\t\t\t\t\t\t\t\t\t<img fetchpriority=\"high\" decoding=\"async\" width=\"1346\" height=\"452\" src=\"https:\/\/araunahtech.com.br\/wp-content\/uploads\/2024\/05\/BANNER-COMPOSTAGEM.jpg\" class=\"attachment-full size-full wp-image-1865\" alt=\"\" srcset=\"https:\/\/araunahtech.com.br\/wp-content\/uploads\/2024\/05\/BANNER-COMPOSTAGEM.jpg 1346w, https:\/\/araunahtech.com.br\/wp-content\/uploads\/2024\/05\/BANNER-COMPOSTAGEM-300x101.jpg 300w, https:\/\/araunahtech.com.br\/wp-content\/uploads\/2024\/05\/BANNER-COMPOSTAGEM-1024x344.jpg 1024w, https:\/\/araunahtech.com.br\/wp-content\/uploads\/2024\/05\/BANNER-COMPOSTAGEM-768x258.jpg 768w\" sizes=\"(max-width: 1346px) 100vw, 1346px\" \/>\t\t\t\t\t\t\t\t\t\t\t\t\t\t\t<\/div>\n\t\t\t\t<\/div>\n\t\t\t\t\t<\/div>\n\t\t<\/div>\n\t\t\t\t\t<\/div>\n\t\t<\/section>\n\t\t\t\t<section class=\"elementor-section elementor-top-section elementor-element elementor-element-d9a82b5 elementor-section-full_width elementor-section-height-min-height elementor-section-height-default elementor-section-items-middle\" data-id=\"d9a82b5\" data-element_type=\"section\">\n\t\t\t\t\t\t<div class=\"elementor-container elementor-column-gap-default\">\n\t\t\t\t\t<div class=\"elementor-column elementor-col-100 elementor-top-column elementor-element elementor-element-8f534cc\" data-id=\"8f534cc\" data-element_type=\"column\" data-settings=\"{&quot;animation_mobile&quot;:&quot;fadeIn&quot;}\">\n\t\t\t<div class=\"elementor-widget-wrap elementor-element-populated\">\n\t\t\t\t\t\t<div class=\"elementor-element elementor-element-f839787 elementor-widget__width-initial elementor-widget-mobile__width-initial elementor-widget elementor-widget-text-editor\" data-id=\"f839787\" data-element_type=\"widget\" data-widget_type=\"text-editor.default\">\n\t\t\t\t<div class=\"elementor-widget-container\">\n\t\t\t\t\t\t\t\t\t<p><b>Aproveitamento e transforma\u00e7\u00e3o de res\u00edduos s\u00f3lidos e l\u00edquidos<br><\/b><b style=\"font-size: 1rem;\">em fertilizantes org\u00e2nicos de alta qualidade.<\/b><\/p>\n<p>Consultoria t\u00e9cnica, an\u00e1lise, planejamento, aquisi\u00e7\u00e3o de produtos, formula\u00e7\u00e3o, treinamento de pessoal, disposi\u00e7\u00e3o das leiras, monitoramento e comercializa\u00e7\u00e3o.<\/p>\n<p>A Araunah Tech conta com&nbsp; equipe t\u00e9cnica especializada em compostagem para analisar a \u00e1rea a ser destinada para compostagem, avalia\u00e7\u00e3o da quantidade de res\u00edduos dispon\u00edveis na propriedade, planejamento e execu\u00e7\u00e3o.<\/p>\n<p>Al\u00e9m disso a Araunah Tech possui portif\u00f3lio completo para complementar o composto ou at\u00e9 iniciar um projeto de compostagem do zero.<\/p>\n<p>Fale conosco.<\/p>\t\t\t\t\t\t\t\t<\/div>\n\t\t\t\t<\/div>\n\t\t\t\t\t<\/div>\n\t\t<\/div>\n\t\t\t\t\t<\/div>\n\t\t<\/section>\n\t\t\t\t<\/div>\n\t\t","protected":false},"excerpt":{"rendered":"<p>Aproveitamento e transforma\u00e7\u00e3o de res\u00edduos s\u00f3lidos e l\u00edquidosem fertilizantes org\u00e2nicos de alta qualidade. Consultoria t\u00e9cnica, an\u00e1lise, planejamento, aquisi\u00e7\u00e3o de produtos, formula\u00e7\u00e3o, treinamento de pessoal, disposi\u00e7\u00e3o das leiras, monitoramento e comercializa\u00e7\u00e3o. A Araunah Tech conta com&nbsp; equipe t\u00e9cnica especializada em compostagem para analisar a \u00e1rea a ser destinada para compostagem, avalia\u00e7\u00e3o da quantidade de res\u00edduos dispon\u00edveis [&hellip;]<\/p>\n","protected":false},"author":3,"featured_media":0,"parent":0,"menu_order":0,"comment_status":"closed","ping_status":"closed","template":"","meta":{"footnotes":""},"class_list":["post-1863","page","type-page","status-publish","hentry"],"_links":{"self":[{"href":"https:\/\/araunahtech.com.br\/index.php?rest_route=\/wp\/v2\/pages\/1863","targetHints":{"allow":["GET"]}}],"collection":[{"href":"https:\/\/araunahtech.com.br\/index.php?rest_route=\/wp\/v2\/pages"}],"about":[{"href":"https:\/\/araunahtech.com.br\/index.php?rest_route=\/wp\/v2\/types\/page"}],"author":[{"embeddable":true,"href":"https:\/\/araunahtech.com.br\/index.php?rest_route=\/wp\/v2\/users\/3"}],"replies":[{"embeddable":true,"href":"https:\/\/araunahtech.com.br\/index.php?rest_route=%2Fwp%2Fv2%2Fcomments&post=1863"}],"version-history":[{"count":16,"href":"https:\/\/araunahtech.com.br\/index.php?rest_route=\/wp\/v2\/pages\/1863\/revisions"}],"predecessor-version":[{"id":3392,"href":"https:\/\/araunahtech.com.br\/index.php?rest_route=\/wp\/v2\/pages\/1863\/revisions\/3392"}],"wp:attachment":[{"href":"https:\/\/araunahtech.com.br\/index.php?rest_route=%2Fwp%2Fv2%2Fmedia&parent=1863"}],"curies":[{"name":"wp","href":"https:\/\/api.w.org\/{rel}","templated":true}]}}