{"id":1981,"date":"2024-08-14T12:12:49","date_gmt":"2024-08-14T12:12:49","guid":{"rendered":"https:\/\/araunahtech.com.br\/?page_id=1981"},"modified":"2024-08-29T19:56:59","modified_gmt":"2024-08-29T19:56:59","slug":"remineralizadores-copy","status":"publish","type":"page","link":"https:\/\/araunahtech.com.br\/?page_id=1981","title":{"rendered":"MAQUIN\u00c1RIO"},"content":{"rendered":"\t\t<div data-elementor-type=\"wp-page\" data-elementor-id=\"1981\" class=\"elementor elementor-1981\" data-elementor-post-type=\"page\">\n\t\t\t\t\t\t<section class=\"elementor-section elementor-top-section elementor-element elementor-element-802d918 elementor-section-full_width elementor-section-height-default elementor-section-height-default\" data-id=\"802d918\" data-element_type=\"section\">\n\t\t\t\t\t\t<div class=\"elementor-container elementor-column-gap-default\">\n\t\t\t\t\t<div class=\"elementor-column elementor-col-100 elementor-top-column elementor-element elementor-element-555d6db\" data-id=\"555d6db\" data-element_type=\"column\">\n\t\t\t<div class=\"elementor-widget-wrap elementor-element-populated\">\n\t\t\t\t\t\t<div class=\"elementor-element elementor-element-6119334 elementor-widget elementor-widget-image\" data-id=\"6119334\" data-element_type=\"widget\" data-widget_type=\"image.default\">\n\t\t\t\t<div class=\"elementor-widget-container\">\n\t\t\t\t\t\t\t\t\t\t\t\t\t\t\t<img fetchpriority=\"high\" decoding=\"async\" width=\"1346\" height=\"452\" src=\"https:\/\/araunahtech.com.br\/wp-content\/uploads\/2024\/08\/BANNER-COMPOSTAGEM_MAQUINARIO.jpg\" class=\"attachment-full size-full wp-image-1987\" alt=\"\" srcset=\"https:\/\/araunahtech.com.br\/wp-content\/uploads\/2024\/08\/BANNER-COMPOSTAGEM_MAQUINARIO.jpg 1346w, https:\/\/araunahtech.com.br\/wp-content\/uploads\/2024\/08\/BANNER-COMPOSTAGEM_MAQUINARIO-300x101.jpg 300w, https:\/\/araunahtech.com.br\/wp-content\/uploads\/2024\/08\/BANNER-COMPOSTAGEM_MAQUINARIO-1024x344.jpg 1024w, https:\/\/araunahtech.com.br\/wp-content\/uploads\/2024\/08\/BANNER-COMPOSTAGEM_MAQUINARIO-768x258.jpg 768w\" sizes=\"(max-width: 1346px) 100vw, 1346px\" \/>\t\t\t\t\t\t\t\t\t\t\t\t\t\t\t<\/div>\n\t\t\t\t<\/div>\n\t\t\t\t\t<\/div>\n\t\t<\/div>\n\t\t\t\t\t<\/div>\n\t\t<\/section>\n\t\t\t\t<section class=\"elementor-section elementor-top-section elementor-element elementor-element-d9a82b5 elementor-section-full_width elementor-section-height-min-height elementor-section-height-default elementor-section-items-middle\" data-id=\"d9a82b5\" data-element_type=\"section\" data-settings=\"{&quot;background_background&quot;:&quot;classic&quot;}\">\n\t\t\t\t\t\t\t<div class=\"elementor-background-overlay\"><\/div>\n\t\t\t\t\t\t\t<div class=\"elementor-container elementor-column-gap-default\">\n\t\t\t\t\t<div class=\"elementor-column elementor-col-100 elementor-top-column elementor-element elementor-element-8f534cc\" data-id=\"8f534cc\" data-element_type=\"column\" data-settings=\"{&quot;animation_mobile&quot;:&quot;fadeIn&quot;}\">\n\t\t\t<div class=\"elementor-widget-wrap elementor-element-populated\">\n\t\t\t\t\t\t<div class=\"elementor-element elementor-element-ccc51b5 elementor-widget__width-initial elementor-widget-mobile__width-initial elementor-widget elementor-widget-heading\" data-id=\"ccc51b5\" data-element_type=\"widget\" data-widget_type=\"heading.default\">\n\t\t\t\t<div class=\"elementor-widget-container\">\n\t\t\t\t\t<h2 class=\"elementor-heading-title elementor-size-large\">REVOLVEDORAS<\/h2>\t\t\t\t<\/div>\n\t\t\t\t<\/div>\n\t\t\t\t<div class=\"elementor-element elementor-element-154e74a elementor-widget__width-initial elementor-widget-mobile__width-initial elementor-widget elementor-widget-image\" data-id=\"154e74a\" data-element_type=\"widget\" data-widget_type=\"image.default\">\n\t\t\t\t<div class=\"elementor-widget-container\">\n\t\t\t\t\t\t\t\t\t\t\t\t<figure class=\"wp-caption\">\n\t\t\t\t\t\t\t\t\t\t<img decoding=\"async\" width=\"768\" height=\"366\" src=\"https:\/\/araunahtech.com.br\/wp-content\/uploads\/2024\/08\/MAQUINA-RENOVA-2-E-MEIO-768x366.png\" class=\"attachment-medium_large size-medium_large wp-image-1991\" alt=\"\" srcset=\"https:\/\/araunahtech.com.br\/wp-content\/uploads\/2024\/08\/MAQUINA-RENOVA-2-E-MEIO-768x366.png 768w, https:\/\/araunahtech.com.br\/wp-content\/uploads\/2024\/08\/MAQUINA-RENOVA-2-E-MEIO-300x143.png 300w, https:\/\/araunahtech.com.br\/wp-content\/uploads\/2024\/08\/MAQUINA-RENOVA-2-E-MEIO.png 939w\" sizes=\"(max-width: 768px) 100vw, 768px\" \/>\t\t\t\t\t\t\t\t\t\t\t<figcaption class=\"widget-image-caption wp-caption-text\"><\/figcaption>\n\t\t\t\t\t\t\t\t\t\t<\/figure>\n\t\t\t\t\t\t\t\t\t<\/div>\n\t\t\t\t<\/div>\n\t\t\t\t<div class=\"elementor-element elementor-element-f839787 elementor-widget__width-initial elementor-widget-mobile__width-initial elementor-widget elementor-widget-text-editor\" data-id=\"f839787\" data-element_type=\"widget\" data-widget_type=\"text-editor.default\">\n\t\t\t\t<div class=\"elementor-widget-container\">\n\t\t\t\t\t\t\t\t\t<p><strong>A Araunah Tech possui as melhores linhas de m\u00e1quinas para produ\u00e7\u00e3o de compostagem on-farm do mercado.<\/strong><\/p><p>As m\u00e1quinas revolvedoras variam de 2,5 a 4,5 metros de largura, com excelente performance de corte, aera\u00e7\u00e3o, enleiramento e homogeneiza\u00e7\u00e3o do material.<\/p>\t\t\t\t\t\t\t\t<\/div>\n\t\t\t\t<\/div>\n\t\t\t\t\t<\/div>\n\t\t<\/div>\n\t\t\t\t\t<\/div>\n\t\t<\/section>\n\t\t\t\t<section class=\"elementor-section elementor-top-section elementor-element elementor-element-ca983d5 elementor-section-full_width elementor-section-height-min-height elementor-section-height-default elementor-section-items-middle\" data-id=\"ca983d5\" data-element_type=\"section\">\n\t\t\t\t\t\t<div class=\"elementor-container elementor-column-gap-default\">\n\t\t\t\t\t<div class=\"elementor-column elementor-col-100 elementor-top-column elementor-element elementor-element-7c8cb19\" data-id=\"7c8cb19\" data-element_type=\"column\" data-settings=\"{&quot;animation_mobile&quot;:&quot;fadeIn&quot;}\">\n\t\t\t<div class=\"elementor-widget-wrap elementor-element-populated\">\n\t\t\t\t\t\t<div class=\"elementor-element elementor-element-cead10f elementor-widget__width-initial elementor-widget-mobile__width-initial elementor-widget elementor-widget-heading\" data-id=\"cead10f\" data-element_type=\"widget\" data-widget_type=\"heading.default\">\n\t\t\t\t<div class=\"elementor-widget-container\">\n\t\t\t\t\t<h2 class=\"elementor-heading-title elementor-size-large\">DISTRIBUIDORAS<\/h2>\t\t\t\t<\/div>\n\t\t\t\t<\/div>\n\t\t\t\t<div class=\"elementor-element elementor-element-d0f804c elementor-widget__width-initial elementor-widget-mobile__width-initial elementor-widget elementor-widget-image\" data-id=\"d0f804c\" data-element_type=\"widget\" data-widget_type=\"image.default\">\n\t\t\t\t<div class=\"elementor-widget-container\">\n\t\t\t\t\t\t\t\t\t\t\t\t<figure class=\"wp-caption\">\n\t\t\t\t\t\t\t\t\t\t<img decoding=\"async\" width=\"768\" height=\"445\" src=\"https:\/\/araunahtech.com.br\/wp-content\/uploads\/2024\/08\/dist-exata-768x445.png\" class=\"attachment-medium_large size-medium_large wp-image-2012\" alt=\"\" srcset=\"https:\/\/araunahtech.com.br\/wp-content\/uploads\/2024\/08\/dist-exata-768x445.png 768w, https:\/\/araunahtech.com.br\/wp-content\/uploads\/2024\/08\/dist-exata-300x174.png 300w, https:\/\/araunahtech.com.br\/wp-content\/uploads\/2024\/08\/dist-exata.png 781w\" sizes=\"(max-width: 768px) 100vw, 768px\" \/>\t\t\t\t\t\t\t\t\t\t\t<figcaption class=\"widget-image-caption wp-caption-text\"><\/figcaption>\n\t\t\t\t\t\t\t\t\t\t<\/figure>\n\t\t\t\t\t\t\t\t\t<\/div>\n\t\t\t\t<\/div>\n\t\t\t\t<div class=\"elementor-element elementor-element-58a8ea8 elementor-widget__width-initial elementor-widget-mobile__width-initial elementor-widget elementor-widget-text-editor\" data-id=\"58a8ea8\" data-element_type=\"widget\" data-widget_type=\"text-editor.default\">\n\t\t\t\t<div class=\"elementor-widget-container\">\n\t\t\t\t\t\t\t\t\t<p>As m\u00e1quinas distribuidoras realizam tanto o enriquecimento da compostagem quanto a aplica\u00e7\u00e3o \u00e0 campo. Com estrutura refor\u00e7ada, aplicam gesso, fosfato entre outros insumos de maneira homog\u00eanea sobre a leira de composto. Possui kit de esteira lateral para facilitar ainda mais a aplica\u00e7\u00e3o.<\/p>\t\t\t\t\t\t\t\t<\/div>\n\t\t\t\t<\/div>\n\t\t\t\t\t<\/div>\n\t\t<\/div>\n\t\t\t\t\t<\/div>\n\t\t<\/section>\n\t\t\t\t<\/div>\n\t\t","protected":false},"excerpt":{"rendered":"<p>REVOLVEDORAS A Araunah Tech possui as melhores linhas de m\u00e1quinas para produ\u00e7\u00e3o de compostagem on-farm do mercado. As m\u00e1quinas revolvedoras variam de 2,5 a 4,5 metros de largura, com excelente performance de corte, aera\u00e7\u00e3o, enleiramento e homogeneiza\u00e7\u00e3o do material. DISTRIBUIDORAS As m\u00e1quinas distribuidoras realizam tanto o enriquecimento da compostagem quanto a aplica\u00e7\u00e3o \u00e0 campo. Com [&hellip;]<\/p>\n","protected":false},"author":3,"featured_media":0,"parent":0,"menu_order":0,"comment_status":"closed","ping_status":"closed","template":"","meta":{"footnotes":""},"class_list":["post-1981","page","type-page","status-publish","hentry"],"_links":{"self":[{"href":"https:\/\/araunahtech.com.br\/index.php?rest_route=\/wp\/v2\/pages\/1981","targetHints":{"allow":["GET"]}}],"collection":[{"href":"https:\/\/araunahtech.com.br\/index.php?rest_route=\/wp\/v2\/pages"}],"about":[{"href":"https:\/\/araunahtech.com.br\/index.php?rest_route=\/wp\/v2\/types\/page"}],"author":[{"embeddable":true,"href":"https:\/\/araunahtech.com.br\/index.php?rest_route=\/wp\/v2\/users\/3"}],"replies":[{"embeddable":true,"href":"https:\/\/araunahtech.com.br\/index.php?rest_route=%2Fwp%2Fv2%2Fcomments&post=1981"}],"version-history":[{"count":70,"href":"https:\/\/araunahtech.com.br\/index.php?rest_route=\/wp\/v2\/pages\/1981\/revisions"}],"predecessor-version":[{"id":3254,"href":"https:\/\/araunahtech.com.br\/index.php?rest_route=\/wp\/v2\/pages\/1981\/revisions\/3254"}],"wp:attachment":[{"href":"https:\/\/araunahtech.com.br\/index.php?rest_route=%2Fwp%2Fv2%2Fmedia&parent=1981"}],"curies":[{"name":"wp","href":"https:\/\/api.w.org\/{rel}","templated":true}]}}