{"id":2409,"date":"2024-08-23T14:41:09","date_gmt":"2024-08-23T14:41:09","guid":{"rendered":"https:\/\/araunahtech.com.br\/?page_id=2409"},"modified":"2024-08-29T19:54:25","modified_gmt":"2024-08-29T19:54:25","slug":"remineralizadores-compostagem","status":"publish","type":"page","link":"https:\/\/araunahtech.com.br\/?page_id=2409","title":{"rendered":"REMINERALIZADORES"},"content":{"rendered":"\t\t<div data-elementor-type=\"wp-page\" data-elementor-id=\"2409\" class=\"elementor elementor-2409\" data-elementor-post-type=\"page\">\n\t\t\t\t\t\t<section class=\"elementor-section elementor-top-section elementor-element elementor-element-802d918 elementor-section-full_width elementor-section-height-default elementor-section-height-default\" data-id=\"802d918\" data-element_type=\"section\">\n\t\t\t\t\t\t<div class=\"elementor-container elementor-column-gap-default\">\n\t\t\t\t\t<div class=\"elementor-column elementor-col-100 elementor-top-column elementor-element elementor-element-555d6db\" data-id=\"555d6db\" data-element_type=\"column\">\n\t\t\t<div class=\"elementor-widget-wrap elementor-element-populated\">\n\t\t\t\t\t\t<div class=\"elementor-element elementor-element-6119334 elementor-widget elementor-widget-image\" data-id=\"6119334\" data-element_type=\"widget\" data-widget_type=\"image.default\">\n\t\t\t\t<div class=\"elementor-widget-container\">\n\t\t\t\t\t\t\t\t\t\t\t\t\t\t\t<img fetchpriority=\"high\" decoding=\"async\" width=\"1346\" height=\"452\" src=\"https:\/\/araunahtech.com.br\/wp-content\/uploads\/2024\/08\/BANNER-REMINERALIZADORES-3-1.jpg\" class=\"attachment-full size-full wp-image-2419\" alt=\"\" srcset=\"https:\/\/araunahtech.com.br\/wp-content\/uploads\/2024\/08\/BANNER-REMINERALIZADORES-3-1.jpg 1346w, https:\/\/araunahtech.com.br\/wp-content\/uploads\/2024\/08\/BANNER-REMINERALIZADORES-3-1-300x101.jpg 300w, https:\/\/araunahtech.com.br\/wp-content\/uploads\/2024\/08\/BANNER-REMINERALIZADORES-3-1-1024x344.jpg 1024w, https:\/\/araunahtech.com.br\/wp-content\/uploads\/2024\/08\/BANNER-REMINERALIZADORES-3-1-768x258.jpg 768w\" sizes=\"(max-width: 1346px) 100vw, 1346px\" \/>\t\t\t\t\t\t\t\t\t\t\t\t\t\t\t<\/div>\n\t\t\t\t<\/div>\n\t\t\t\t\t<\/div>\n\t\t<\/div>\n\t\t\t\t\t<\/div>\n\t\t<\/section>\n\t\t\t\t<section class=\"elementor-section elementor-top-section elementor-element elementor-element-d9a82b5 elementor-section-full_width elementor-section-height-min-height elementor-section-height-default elementor-section-items-middle\" data-id=\"d9a82b5\" data-element_type=\"section\">\n\t\t\t\t\t\t<div class=\"elementor-container elementor-column-gap-default\">\n\t\t\t\t\t<div class=\"elementor-column elementor-col-100 elementor-top-column elementor-element elementor-element-8f534cc\" data-id=\"8f534cc\" data-element_type=\"column\" data-settings=\"{&quot;animation_mobile&quot;:&quot;fadeIn&quot;}\">\n\t\t\t<div class=\"elementor-widget-wrap elementor-element-populated\">\n\t\t\t\t\t\t<div class=\"elementor-element elementor-element-ccc51b5 elementor-widget__width-initial elementor-widget-mobile__width-initial elementor-widget elementor-widget-heading\" data-id=\"ccc51b5\" data-element_type=\"widget\" data-widget_type=\"heading.default\">\n\t\t\t\t<div class=\"elementor-widget-container\">\n\t\t\t\t\t<h2 class=\"elementor-heading-title elementor-size-large\">FOSFATO REATIVO<\/h2>\t\t\t\t<\/div>\n\t\t\t\t<\/div>\n\t\t\t\t<div class=\"elementor-element elementor-element-154e74a elementor-widget__width-initial elementor-widget-mobile__width-initial elementor-widget elementor-widget-image\" data-id=\"154e74a\" data-element_type=\"widget\" data-widget_type=\"image.default\">\n\t\t\t\t<div class=\"elementor-widget-container\">\n\t\t\t\t\t\t\t\t\t\t\t\t<figure class=\"wp-caption\">\n\t\t\t\t\t\t\t\t\t\t<img decoding=\"async\" width=\"493\" height=\"197\" src=\"https:\/\/araunahtech.com.br\/wp-content\/uploads\/2024\/08\/fusion.png\" class=\"attachment-medium_large size-medium_large wp-image-1889\" alt=\"\" srcset=\"https:\/\/araunahtech.com.br\/wp-content\/uploads\/2024\/08\/fusion.png 493w, https:\/\/araunahtech.com.br\/wp-content\/uploads\/2024\/08\/fusion-300x120.png 300w\" sizes=\"(max-width: 493px) 100vw, 493px\" \/>\t\t\t\t\t\t\t\t\t\t\t<figcaption class=\"widget-image-caption wp-caption-text\"><\/figcaption>\n\t\t\t\t\t\t\t\t\t\t<\/figure>\n\t\t\t\t\t\t\t\t\t<\/div>\n\t\t\t\t<\/div>\n\t\t\t\t<div class=\"elementor-element elementor-element-f839787 elementor-widget__width-initial elementor-widget-mobile__width-initial elementor-widget elementor-widget-text-editor\" data-id=\"f839787\" data-element_type=\"widget\" data-widget_type=\"text-editor.default\">\n\t\t\t\t<div class=\"elementor-widget-container\">\n\t\t\t\t\t\t\t\t\t<p>\u00a0A Araunah Tech possui portif\u00f3lio completo de insumos fosfatados, de diferentes concentra\u00e7\u00f5es de P2O5 total e alta reatividade.<\/p><p>Nosso <strong>Fosfato Reativo<\/strong> conta com concentra\u00e7\u00e3o que varia de 15 a 30% de P2O5 total com plena aptid\u00e3o para incremento da solubilidade, fornecendo ao composto, fonte de f\u00f3sforo de alta qualidade.<\/p>\t\t\t\t\t\t\t\t<\/div>\n\t\t\t\t<\/div>\n\t\t\t\t\t<\/div>\n\t\t<\/div>\n\t\t\t\t\t<\/div>\n\t\t<\/section>\n\t\t\t\t<section class=\"elementor-section elementor-top-section elementor-element elementor-element-a11561d elementor-section-full_width elementor-section-height-min-height elementor-section-height-default elementor-section-items-middle\" data-id=\"a11561d\" data-element_type=\"section\">\n\t\t\t\t\t\t<div class=\"elementor-container elementor-column-gap-default\">\n\t\t\t\t\t<div class=\"elementor-column elementor-col-100 elementor-top-column elementor-element elementor-element-8a15378\" data-id=\"8a15378\" data-element_type=\"column\" data-settings=\"{&quot;animation_mobile&quot;:&quot;fadeIn&quot;}\">\n\t\t\t<div class=\"elementor-widget-wrap elementor-element-populated\">\n\t\t\t\t\t\t<div class=\"elementor-element elementor-element-fb2731a elementor-widget__width-initial elementor-widget-mobile__width-initial elementor-widget elementor-widget-heading\" data-id=\"fb2731a\" data-element_type=\"widget\" data-widget_type=\"heading.default\">\n\t\t\t\t<div class=\"elementor-widget-container\">\n\t\t\t\t\t<h2 class=\"elementor-heading-title elementor-size-large\">ULEXITA FARELADA<br>14% BORO<\/h2>\t\t\t\t<\/div>\n\t\t\t\t<\/div>\n\t\t\t\t<div class=\"elementor-element elementor-element-eee1313 elementor-widget__width-initial elementor-widget-mobile__width-initial elementor-widget elementor-widget-image\" data-id=\"eee1313\" data-element_type=\"widget\" data-widget_type=\"image.default\">\n\t\t\t\t<div class=\"elementor-widget-container\">\n\t\t\t\t\t\t\t\t\t\t\t\t<figure class=\"wp-caption\">\n\t\t\t\t\t\t\t\t\t\t<img decoding=\"async\" width=\"282\" height=\"419\" src=\"https:\/\/araunahtech.com.br\/wp-content\/uploads\/2024\/08\/bag-ulexita-farelada.png\" class=\"attachment-medium_large size-medium_large wp-image-2424\" alt=\"\" srcset=\"https:\/\/araunahtech.com.br\/wp-content\/uploads\/2024\/08\/bag-ulexita-farelada.png 282w, https:\/\/araunahtech.com.br\/wp-content\/uploads\/2024\/08\/bag-ulexita-farelada-202x300.png 202w\" sizes=\"(max-width: 282px) 100vw, 282px\" \/>\t\t\t\t\t\t\t\t\t\t\t<figcaption class=\"widget-image-caption wp-caption-text\"><\/figcaption>\n\t\t\t\t\t\t\t\t\t\t<\/figure>\n\t\t\t\t\t\t\t\t\t<\/div>\n\t\t\t\t<\/div>\n\t\t\t\t<div class=\"elementor-element elementor-element-3b10005 elementor-widget__width-initial elementor-widget-mobile__width-initial elementor-widget elementor-widget-text-editor\" data-id=\"3b10005\" data-element_type=\"widget\" data-widget_type=\"text-editor.default\">\n\t\t\t\t<div class=\"elementor-widget-container\">\n\t\t\t\t\t\t\t\t\t<p>Fonte de <strong>BORO<\/strong> de alta concentra\u00e7\u00e3o para utiliza\u00e7\u00e3o na compostagem, com excelente solubilidade e homogeneiza\u00e7\u00e3o, elevando os teores de Boro no composto e reduzindo os custos comaplica\u00e7\u00e3o no campo.<\/p>\t\t\t\t\t\t\t\t<\/div>\n\t\t\t\t<\/div>\n\t\t\t\t\t<\/div>\n\t\t<\/div>\n\t\t\t\t\t<\/div>\n\t\t<\/section>\n\t\t\t\t<\/div>\n\t\t","protected":false},"excerpt":{"rendered":"<p>FOSFATO REATIVO \u00a0A Araunah Tech possui portif\u00f3lio completo de insumos fosfatados, de diferentes concentra\u00e7\u00f5es de P2O5 total e alta reatividade. Nosso Fosfato Reativo conta com concentra\u00e7\u00e3o que varia de 15 a 30% de P2O5 total com plena aptid\u00e3o para incremento da solubilidade, fornecendo ao composto, fonte de f\u00f3sforo de alta qualidade. ULEXITA FARELADA14% BORO Fonte [&hellip;]<\/p>\n","protected":false},"author":3,"featured_media":0,"parent":0,"menu_order":0,"comment_status":"closed","ping_status":"closed","template":"","meta":{"footnotes":""},"class_list":["post-2409","page","type-page","status-publish","hentry"],"_links":{"self":[{"href":"https:\/\/araunahtech.com.br\/index.php?rest_route=\/wp\/v2\/pages\/2409","targetHints":{"allow":["GET"]}}],"collection":[{"href":"https:\/\/araunahtech.com.br\/index.php?rest_route=\/wp\/v2\/pages"}],"about":[{"href":"https:\/\/araunahtech.com.br\/index.php?rest_route=\/wp\/v2\/types\/page"}],"author":[{"embeddable":true,"href":"https:\/\/araunahtech.com.br\/index.php?rest_route=\/wp\/v2\/users\/3"}],"replies":[{"embeddable":true,"href":"https:\/\/araunahtech.com.br\/index.php?rest_route=%2Fwp%2Fv2%2Fcomments&post=2409"}],"version-history":[{"count":29,"href":"https:\/\/araunahtech.com.br\/index.php?rest_route=\/wp\/v2\/pages\/2409\/revisions"}],"predecessor-version":[{"id":3248,"href":"https:\/\/araunahtech.com.br\/index.php?rest_route=\/wp\/v2\/pages\/2409\/revisions\/3248"}],"wp:attachment":[{"href":"https:\/\/araunahtech.com.br\/index.php?rest_route=%2Fwp%2Fv2%2Fmedia&parent=2409"}],"curies":[{"name":"wp","href":"https:\/\/api.w.org\/{rel}","templated":true}]}}