{"id":2453,"date":"2024-08-23T18:15:18","date_gmt":"2024-08-23T18:15:18","guid":{"rendered":"https:\/\/araunahtech.com.br\/?page_id=2453"},"modified":"2024-08-29T19:58:58","modified_gmt":"2024-08-29T19:58:58","slug":"equipamentos","status":"publish","type":"page","link":"https:\/\/araunahtech.com.br\/?page_id=2453","title":{"rendered":"EQUIPAMENTOS"},"content":{"rendered":"\t\t<div data-elementor-type=\"wp-page\" data-elementor-id=\"2453\" class=\"elementor elementor-2453\" data-elementor-post-type=\"page\">\n\t\t\t\t\t\t<section class=\"elementor-section elementor-top-section elementor-element elementor-element-802d918 elementor-section-full_width elementor-section-height-default elementor-section-height-default\" data-id=\"802d918\" data-element_type=\"section\">\n\t\t\t\t\t\t<div class=\"elementor-container elementor-column-gap-default\">\n\t\t\t\t\t<div class=\"elementor-column elementor-col-100 elementor-top-column elementor-element elementor-element-555d6db\" data-id=\"555d6db\" data-element_type=\"column\">\n\t\t\t<div class=\"elementor-widget-wrap elementor-element-populated\">\n\t\t\t\t\t\t<div class=\"elementor-element elementor-element-6119334 elementor-widget elementor-widget-image\" data-id=\"6119334\" data-element_type=\"widget\" data-widget_type=\"image.default\">\n\t\t\t\t<div class=\"elementor-widget-container\">\n\t\t\t\t\t\t\t\t\t\t\t\t\t\t\t<img fetchpriority=\"high\" decoding=\"async\" width=\"1346\" height=\"452\" src=\"https:\/\/araunahtech.com.br\/wp-content\/uploads\/2024\/08\/BANNER-EQUIPAMENTOS.jpg\" class=\"attachment-full size-full wp-image-2459\" alt=\"\" srcset=\"https:\/\/araunahtech.com.br\/wp-content\/uploads\/2024\/08\/BANNER-EQUIPAMENTOS.jpg 1346w, https:\/\/araunahtech.com.br\/wp-content\/uploads\/2024\/08\/BANNER-EQUIPAMENTOS-300x101.jpg 300w, https:\/\/araunahtech.com.br\/wp-content\/uploads\/2024\/08\/BANNER-EQUIPAMENTOS-1024x344.jpg 1024w, https:\/\/araunahtech.com.br\/wp-content\/uploads\/2024\/08\/BANNER-EQUIPAMENTOS-768x258.jpg 768w\" sizes=\"(max-width: 1346px) 100vw, 1346px\" \/>\t\t\t\t\t\t\t\t\t\t\t\t\t\t\t<\/div>\n\t\t\t\t<\/div>\n\t\t\t\t\t<\/div>\n\t\t<\/div>\n\t\t\t\t\t<\/div>\n\t\t<\/section>\n\t\t\t\t<section class=\"elementor-section elementor-top-section elementor-element elementor-element-d9a82b5 elementor-section-full_width elementor-section-height-min-height elementor-section-height-default elementor-section-items-middle\" data-id=\"d9a82b5\" data-element_type=\"section\">\n\t\t\t\t\t\t<div class=\"elementor-container elementor-column-gap-default\">\n\t\t\t\t\t<div class=\"elementor-column elementor-col-100 elementor-top-column elementor-element elementor-element-8f534cc\" data-id=\"8f534cc\" data-element_type=\"column\" data-settings=\"{&quot;animation_mobile&quot;:&quot;fadeIn&quot;}\">\n\t\t\t<div class=\"elementor-widget-wrap elementor-element-populated\">\n\t\t\t\t\t\t<div class=\"elementor-element elementor-element-154e74a elementor-widget__width-initial elementor-widget-mobile__width-initial elementor-widget elementor-widget-image\" data-id=\"154e74a\" data-element_type=\"widget\" data-widget_type=\"image.default\">\n\t\t\t\t<div class=\"elementor-widget-container\">\n\t\t\t\t\t\t\t\t\t\t\t\t<figure class=\"wp-caption\">\n\t\t\t\t\t\t\t\t\t\t<img decoding=\"async\" width=\"800\" height=\"157\" src=\"https:\/\/araunahtech.com.br\/wp-content\/uploads\/2024\/08\/aqua4d_cor@4x-1024x201.png\" class=\"attachment-large size-large wp-image-2463\" alt=\"\" srcset=\"https:\/\/araunahtech.com.br\/wp-content\/uploads\/2024\/08\/aqua4d_cor@4x-1024x201.png 1024w, https:\/\/araunahtech.com.br\/wp-content\/uploads\/2024\/08\/aqua4d_cor@4x-300x59.png 300w, https:\/\/araunahtech.com.br\/wp-content\/uploads\/2024\/08\/aqua4d_cor@4x-768x151.png 768w, https:\/\/araunahtech.com.br\/wp-content\/uploads\/2024\/08\/aqua4d_cor@4x-1536x302.png 1536w, https:\/\/araunahtech.com.br\/wp-content\/uploads\/2024\/08\/aqua4d_cor@4x-2048x402.png 2048w\" sizes=\"(max-width: 800px) 100vw, 800px\" \/>\t\t\t\t\t\t\t\t\t\t\t<figcaption class=\"widget-image-caption wp-caption-text\"><\/figcaption>\n\t\t\t\t\t\t\t\t\t\t<\/figure>\n\t\t\t\t\t\t\t\t\t<\/div>\n\t\t\t\t<\/div>\n\t\t\t\t<div class=\"elementor-element elementor-element-e3dae68 elementor-widget__width-initial elementor-widget-mobile__width-initial elementor-widget elementor-widget-image\" data-id=\"e3dae68\" data-element_type=\"widget\" data-widget_type=\"image.default\">\n\t\t\t\t<div class=\"elementor-widget-container\">\n\t\t\t\t\t\t\t\t\t\t\t\t<figure class=\"wp-caption\">\n\t\t\t\t\t\t\t\t\t\t<img decoding=\"async\" width=\"800\" height=\"405\" src=\"https:\/\/araunahtech.com.br\/wp-content\/uploads\/2024\/08\/AQUA4D-TUDO-LARANJA-METADE-1024x518.png\" class=\"attachment-large size-large wp-image-2467\" alt=\"\" srcset=\"https:\/\/araunahtech.com.br\/wp-content\/uploads\/2024\/08\/AQUA4D-TUDO-LARANJA-METADE-1024x518.png 1024w, https:\/\/araunahtech.com.br\/wp-content\/uploads\/2024\/08\/AQUA4D-TUDO-LARANJA-METADE-300x152.png 300w, https:\/\/araunahtech.com.br\/wp-content\/uploads\/2024\/08\/AQUA4D-TUDO-LARANJA-METADE-768x389.png 768w, https:\/\/araunahtech.com.br\/wp-content\/uploads\/2024\/08\/AQUA4D-TUDO-LARANJA-METADE.png 1109w\" sizes=\"(max-width: 800px) 100vw, 800px\" \/>\t\t\t\t\t\t\t\t\t\t\t<figcaption class=\"widget-image-caption wp-caption-text\"><\/figcaption>\n\t\t\t\t\t\t\t\t\t\t<\/figure>\n\t\t\t\t\t\t\t\t\t<\/div>\n\t\t\t\t<\/div>\n\t\t\t\t<div class=\"elementor-element elementor-element-f839787 elementor-widget__width-initial elementor-widget-mobile__width-initial elementor-widget elementor-widget-text-editor\" data-id=\"f839787\" data-element_type=\"widget\" data-widget_type=\"text-editor.default\">\n\t\t\t\t<div class=\"elementor-widget-container\">\n\t\t\t\t\t\t\t\t\t<p>O sistema <strong>AQUA4D<\/strong> promove, por meio de um campo eletromagn\u00e9tico espec\u00edfico, altera\u00e7\u00f5es f\u00edsico-qu\u00edmicas na \u00e1gua que favorecem a preven\u00e7\u00e3o contra incrusta\u00e7\u00e3o e corros\u00e3o em caldeiras e sistemas de aquecimento ou resfriamento de \u00e1gua. Na avicultura, elimina as fontes de pat\u00f3genos, biofilmes e entupimento das linhas de \u00e1gua e nipples.<\/p>\t\t\t\t\t\t\t\t<\/div>\n\t\t\t\t<\/div>\n\t\t\t\t\t<\/div>\n\t\t<\/div>\n\t\t\t\t\t<\/div>\n\t\t<\/section>\n\t\t\t\t<section class=\"elementor-section elementor-top-section elementor-element elementor-element-3b73947 elementor-section-full_width elementor-section-height-min-height elementor-section-height-default elementor-section-items-middle\" data-id=\"3b73947\" data-element_type=\"section\">\n\t\t\t\t\t\t<div class=\"elementor-container elementor-column-gap-default\">\n\t\t\t\t\t<div class=\"elementor-column elementor-col-100 elementor-top-column elementor-element elementor-element-1e8fa78\" data-id=\"1e8fa78\" data-element_type=\"column\" data-settings=\"{&quot;animation_mobile&quot;:&quot;fadeIn&quot;}\">\n\t\t\t<div class=\"elementor-widget-wrap elementor-element-populated\">\n\t\t\t\t\t\t<div class=\"elementor-element elementor-element-d01d87e elementor-widget__width-initial elementor-widget-mobile__width-initial elementor-widget elementor-widget-image\" data-id=\"d01d87e\" data-element_type=\"widget\" data-widget_type=\"image.default\">\n\t\t\t\t<div class=\"elementor-widget-container\">\n\t\t\t\t\t\t\t\t\t\t\t\t<figure class=\"wp-caption\">\n\t\t\t\t\t\t\t\t\t\t<img loading=\"lazy\" decoding=\"async\" width=\"800\" height=\"263\" src=\"https:\/\/araunahtech.com.br\/wp-content\/uploads\/2024\/08\/VIQUA-logo-c123-1024x337.png\" class=\"attachment-large size-large wp-image-2520\" alt=\"\" srcset=\"https:\/\/araunahtech.com.br\/wp-content\/uploads\/2024\/08\/VIQUA-logo-c123-1024x337.png 1024w, https:\/\/araunahtech.com.br\/wp-content\/uploads\/2024\/08\/VIQUA-logo-c123-300x99.png 300w, https:\/\/araunahtech.com.br\/wp-content\/uploads\/2024\/08\/VIQUA-logo-c123-768x253.png 768w, https:\/\/araunahtech.com.br\/wp-content\/uploads\/2024\/08\/VIQUA-logo-c123.png 1164w\" sizes=\"(max-width: 800px) 100vw, 800px\" \/>\t\t\t\t\t\t\t\t\t\t\t<figcaption class=\"widget-image-caption wp-caption-text\"><\/figcaption>\n\t\t\t\t\t\t\t\t\t\t<\/figure>\n\t\t\t\t\t\t\t\t\t<\/div>\n\t\t\t\t<\/div>\n\t\t\t\t<div class=\"elementor-element elementor-element-6f67694 elementor-widget__width-initial elementor-widget-mobile__width-initial elementor-widget elementor-widget-image\" data-id=\"6f67694\" data-element_type=\"widget\" data-widget_type=\"image.default\">\n\t\t\t\t<div class=\"elementor-widget-container\">\n\t\t\t\t\t\t\t\t\t\t\t\t<figure class=\"wp-caption\">\n\t\t\t\t\t\t\t\t\t\t<img loading=\"lazy\" decoding=\"async\" width=\"800\" height=\"395\" src=\"https:\/\/araunahtech.com.br\/wp-content\/uploads\/2024\/08\/VIQUA-COM-CX-CONTROLADORA-1024x506.png\" class=\"attachment-large size-large wp-image-2521\" alt=\"\" srcset=\"https:\/\/araunahtech.com.br\/wp-content\/uploads\/2024\/08\/VIQUA-COM-CX-CONTROLADORA-1024x506.png 1024w, https:\/\/araunahtech.com.br\/wp-content\/uploads\/2024\/08\/VIQUA-COM-CX-CONTROLADORA-300x148.png 300w, https:\/\/araunahtech.com.br\/wp-content\/uploads\/2024\/08\/VIQUA-COM-CX-CONTROLADORA-768x379.png 768w, https:\/\/araunahtech.com.br\/wp-content\/uploads\/2024\/08\/VIQUA-COM-CX-CONTROLADORA.png 1124w\" sizes=\"(max-width: 800px) 100vw, 800px\" \/>\t\t\t\t\t\t\t\t\t\t\t<figcaption class=\"widget-image-caption wp-caption-text\"><\/figcaption>\n\t\t\t\t\t\t\t\t\t\t<\/figure>\n\t\t\t\t\t\t\t\t\t<\/div>\n\t\t\t\t<\/div>\n\t\t\t\t<div class=\"elementor-element elementor-element-2776d73 elementor-widget__width-initial elementor-widget-mobile__width-initial elementor-widget elementor-widget-text-editor\" data-id=\"2776d73\" data-element_type=\"widget\" data-widget_type=\"text-editor.default\">\n\t\t\t\t<div class=\"elementor-widget-container\">\n\t\t\t\t\t\t\t\t\t<p>A tecnologia <strong>VIQUA<\/strong> possui uma unidade central de desinfec\u00e7\u00e3o que utiliza o m\u00e9todo de irradia\u00e7\u00e3o ultravioleta (UV). Esta tecnologia \u00e9 um dos m\u00e9todos comprovadamente mais seguros e eficientes na elimina\u00e7\u00e3o de todos os microrganismos patog\u00eanicos conhecidos presentes na \u00e1gua.<\/p>\t\t\t\t\t\t\t\t<\/div>\n\t\t\t\t<\/div>\n\t\t\t\t\t<\/div>\n\t\t<\/div>\n\t\t\t\t\t<\/div>\n\t\t<\/section>\n\t\t\t\t<section class=\"elementor-section elementor-top-section elementor-element elementor-element-d8dd870 elementor-section-full_width elementor-section-height-min-height elementor-section-height-default elementor-section-items-middle\" data-id=\"d8dd870\" data-element_type=\"section\">\n\t\t\t\t\t\t<div class=\"elementor-container elementor-column-gap-default\">\n\t\t\t\t\t<div class=\"elementor-column elementor-col-100 elementor-top-column elementor-element elementor-element-dbd4c14\" data-id=\"dbd4c14\" data-element_type=\"column\" data-settings=\"{&quot;animation_mobile&quot;:&quot;fadeIn&quot;}\">\n\t\t\t<div class=\"elementor-widget-wrap elementor-element-populated\">\n\t\t\t\t\t\t<div class=\"elementor-element elementor-element-c9e9a39 elementor-widget__width-initial elementor-widget-mobile__width-initial elementor-widget elementor-widget-image\" data-id=\"c9e9a39\" data-element_type=\"widget\" data-widget_type=\"image.default\">\n\t\t\t\t<div class=\"elementor-widget-container\">\n\t\t\t\t\t\t\t\t\t\t\t\t<figure class=\"wp-caption\">\n\t\t\t\t\t\t\t\t\t\t<img loading=\"lazy\" decoding=\"async\" width=\"800\" height=\"227\" src=\"https:\/\/araunahtech.com.br\/wp-content\/uploads\/2024\/08\/tefen_cor@4x-1024x291.png\" class=\"attachment-large size-large wp-image-2540\" alt=\"\" srcset=\"https:\/\/araunahtech.com.br\/wp-content\/uploads\/2024\/08\/tefen_cor@4x-1024x291.png 1024w, https:\/\/araunahtech.com.br\/wp-content\/uploads\/2024\/08\/tefen_cor@4x-300x85.png 300w, https:\/\/araunahtech.com.br\/wp-content\/uploads\/2024\/08\/tefen_cor@4x-768x218.png 768w, https:\/\/araunahtech.com.br\/wp-content\/uploads\/2024\/08\/tefen_cor@4x-1536x437.png 1536w, https:\/\/araunahtech.com.br\/wp-content\/uploads\/2024\/08\/tefen_cor@4x-2048x582.png 2048w\" sizes=\"(max-width: 800px) 100vw, 800px\" \/>\t\t\t\t\t\t\t\t\t\t\t<figcaption class=\"widget-image-caption wp-caption-text\"><\/figcaption>\n\t\t\t\t\t\t\t\t\t\t<\/figure>\n\t\t\t\t\t\t\t\t\t<\/div>\n\t\t\t\t<\/div>\n\t\t\t\t<div class=\"elementor-element elementor-element-aff3b81 elementor-widget__width-initial elementor-widget-mobile__width-initial elementor-widget elementor-widget-image\" data-id=\"aff3b81\" data-element_type=\"widget\" data-widget_type=\"image.default\">\n\t\t\t\t<div class=\"elementor-widget-container\">\n\t\t\t\t\t\t\t\t\t\t\t\t<figure class=\"wp-caption\">\n\t\t\t\t\t\t\t\t\t\t<img loading=\"lazy\" decoding=\"async\" width=\"355\" height=\"1024\" src=\"https:\/\/araunahtech.com.br\/wp-content\/uploads\/2024\/08\/TEFEN-355x1024.png\" class=\"attachment-large size-large wp-image-2541\" alt=\"\" srcset=\"https:\/\/araunahtech.com.br\/wp-content\/uploads\/2024\/08\/TEFEN-355x1024.png 355w, https:\/\/araunahtech.com.br\/wp-content\/uploads\/2024\/08\/TEFEN-104x300.png 104w, https:\/\/araunahtech.com.br\/wp-content\/uploads\/2024\/08\/TEFEN.png 363w\" sizes=\"(max-width: 355px) 100vw, 355px\" \/>\t\t\t\t\t\t\t\t\t\t\t<figcaption class=\"widget-image-caption wp-caption-text\"><\/figcaption>\n\t\t\t\t\t\t\t\t\t\t<\/figure>\n\t\t\t\t\t\t\t\t\t<\/div>\n\t\t\t\t<\/div>\n\t\t\t\t<div class=\"elementor-element elementor-element-3e472f8 elementor-widget__width-initial elementor-widget-mobile__width-initial elementor-widget elementor-widget-text-editor\" data-id=\"3e472f8\" data-element_type=\"widget\" data-widget_type=\"text-editor.default\">\n\t\t\t\t<div class=\"elementor-widget-container\">\n\t\t\t\t\t\t\t\t\t<p>As bombas<strong> TEFEN MIX RITE<\/strong> de dosagem volum\u00e9trica e proporcional por fluxo de \u00e1gua, s\u00e3o espec\u00edficas para aplica\u00e7\u00e3o na ind\u00fastria e avicultura, e suportam dosagens de todos tipos de fluidos e medicamentos com precis\u00e3o na dosagem e economia, j\u00e1 que n\u00e3o apresentam problemas de corros\u00e3o ou reparos e manuten\u00e7\u00f5es frequentes.<\/p>\t\t\t\t\t\t\t\t<\/div>\n\t\t\t\t<\/div>\n\t\t\t\t\t<\/div>\n\t\t<\/div>\n\t\t\t\t\t<\/div>\n\t\t<\/section>\n\t\t\t\t<section class=\"elementor-section elementor-top-section elementor-element elementor-element-08111ce elementor-section-full_width elementor-section-height-min-height elementor-section-height-default elementor-section-items-middle\" data-id=\"08111ce\" data-element_type=\"section\">\n\t\t\t\t\t\t<div class=\"elementor-container elementor-column-gap-default\">\n\t\t\t\t\t<div class=\"elementor-column elementor-col-100 elementor-top-column elementor-element elementor-element-eaa69fd\" data-id=\"eaa69fd\" data-element_type=\"column\" data-settings=\"{&quot;animation_mobile&quot;:&quot;fadeIn&quot;}\">\n\t\t\t<div class=\"elementor-widget-wrap elementor-element-populated\">\n\t\t\t\t\t\t<div class=\"elementor-element elementor-element-4fcb8c7 elementor-widget__width-initial elementor-widget-mobile__width-initial elementor-widget elementor-widget-text-editor\" data-id=\"4fcb8c7\" data-element_type=\"widget\" data-widget_type=\"text-editor.default\">\n\t\t\t\t<div class=\"elementor-widget-container\">\n\t\t\t\t\t\t\t\t\t<p><strong>BOMBAS <\/strong><strong>DOSADORAS <\/strong><strong>ELETROMAGN\u00c9TICAS\u00a0<\/strong><\/p>\t\t\t\t\t\t\t\t<\/div>\n\t\t\t\t<\/div>\n\t\t\t\t<div class=\"elementor-element elementor-element-ff105c5 elementor-widget__width-initial elementor-widget-mobile__width-initial elementor-widget elementor-widget-image\" data-id=\"ff105c5\" data-element_type=\"widget\" data-widget_type=\"image.default\">\n\t\t\t\t<div class=\"elementor-widget-container\">\n\t\t\t\t\t\t\t\t\t\t\t\t<figure class=\"wp-caption\">\n\t\t\t\t\t\t\t\t\t\t<img loading=\"lazy\" decoding=\"async\" width=\"800\" height=\"646\" src=\"https:\/\/araunahtech.com.br\/wp-content\/uploads\/2024\/08\/BOMBA-EXATTA-EX-107.png\" class=\"attachment-large size-large wp-image-2570\" alt=\"\" srcset=\"https:\/\/araunahtech.com.br\/wp-content\/uploads\/2024\/08\/BOMBA-EXATTA-EX-107.png 999w, https:\/\/araunahtech.com.br\/wp-content\/uploads\/2024\/08\/BOMBA-EXATTA-EX-107-300x242.png 300w, https:\/\/araunahtech.com.br\/wp-content\/uploads\/2024\/08\/BOMBA-EXATTA-EX-107-768x620.png 768w\" sizes=\"(max-width: 800px) 100vw, 800px\" \/>\t\t\t\t\t\t\t\t\t\t\t<figcaption class=\"widget-image-caption wp-caption-text\"><\/figcaption>\n\t\t\t\t\t\t\t\t\t\t<\/figure>\n\t\t\t\t\t\t\t\t\t<\/div>\n\t\t\t\t<\/div>\n\t\t\t\t<div class=\"elementor-element elementor-element-d0b2063 elementor-widget__width-initial elementor-widget-mobile__width-initial elementor-widget elementor-widget-image\" data-id=\"d0b2063\" data-element_type=\"widget\" data-widget_type=\"image.default\">\n\t\t\t\t<div class=\"elementor-widget-container\">\n\t\t\t\t\t\t\t\t\t\t\t\t<figure class=\"wp-caption\">\n\t\t\t\t\t\t\t\t\t\t<img loading=\"lazy\" decoding=\"async\" width=\"800\" height=\"950\" src=\"https:\/\/araunahtech.com.br\/wp-content\/uploads\/2024\/08\/BOMBA-INJETRONIC.png\" class=\"attachment-large size-large wp-image-2572\" alt=\"\" srcset=\"https:\/\/araunahtech.com.br\/wp-content\/uploads\/2024\/08\/BOMBA-INJETRONIC.png 801w, https:\/\/araunahtech.com.br\/wp-content\/uploads\/2024\/08\/BOMBA-INJETRONIC-253x300.png 253w, https:\/\/araunahtech.com.br\/wp-content\/uploads\/2024\/08\/BOMBA-INJETRONIC-768x912.png 768w\" sizes=\"(max-width: 800px) 100vw, 800px\" \/>\t\t\t\t\t\t\t\t\t\t\t<figcaption class=\"widget-image-caption wp-caption-text\"><\/figcaption>\n\t\t\t\t\t\t\t\t\t\t<\/figure>\n\t\t\t\t\t\t\t\t\t<\/div>\n\t\t\t\t<\/div>\n\t\t\t\t<div class=\"elementor-element elementor-element-64f7514 elementor-widget__width-initial elementor-widget-mobile__width-initial elementor-widget elementor-widget-text-editor\" data-id=\"64f7514\" data-element_type=\"widget\" data-widget_type=\"text-editor.default\">\n\t\t\t\t<div class=\"elementor-widget-container\">\n\t\t\t\t\t\t\t\t\t<p>As bombas<strong> DOSADORAS ELETROMAGN\u00c9TICAS <\/strong>s\u00e3o ideais para dosagem de qualquer l\u00edquido, incluindo alguns produtos qu\u00edmicos. S\u00e3o indicadas para aplica\u00e7\u00e3o em po\u00e7os artesianos, saneamento, torres, caldeiras, entre outros. Possuem controle anal\u00f3gico de precis\u00e3o, prote\u00e7\u00e3o IP65, dupla escala de ajuste, v\u00e1lvulas labiais, cabe\u00e7ote em polipropileno e v\u00e1lvula de purga.<\/p>\t\t\t\t\t\t\t\t<\/div>\n\t\t\t\t<\/div>\n\t\t\t\t\t<\/div>\n\t\t<\/div>\n\t\t\t\t\t<\/div>\n\t\t<\/section>\n\t\t\t\t<section class=\"elementor-section elementor-top-section elementor-element elementor-element-253a0bc elementor-section-full_width elementor-section-height-min-height elementor-section-height-default elementor-section-items-middle\" data-id=\"253a0bc\" data-element_type=\"section\">\n\t\t\t\t\t\t<div class=\"elementor-container elementor-column-gap-default\">\n\t\t\t\t\t<div class=\"elementor-column elementor-col-100 elementor-top-column elementor-element elementor-element-31649ba\" data-id=\"31649ba\" data-element_type=\"column\" data-settings=\"{&quot;animation_mobile&quot;:&quot;fadeIn&quot;}\">\n\t\t\t<div class=\"elementor-widget-wrap elementor-element-populated\">\n\t\t\t\t\t\t<div class=\"elementor-element elementor-element-64a0ece elementor-widget__width-initial elementor-widget-mobile__width-initial elementor-widget elementor-widget-text-editor\" data-id=\"64a0ece\" data-element_type=\"widget\" data-widget_type=\"text-editor.default\">\n\t\t\t\t<div class=\"elementor-widget-container\">\n\t\t\t\t\t\t\t\t\t<p><b>V\u00c1LVULAS E MAN\u00d4METROS<\/b><\/p>\t\t\t\t\t\t\t\t<\/div>\n\t\t\t\t<\/div>\n\t\t\t\t<div class=\"elementor-element elementor-element-9f299dc elementor-widget__width-initial elementor-widget-mobile__width-initial elementor-widget elementor-widget-image\" data-id=\"9f299dc\" data-element_type=\"widget\" data-widget_type=\"image.default\">\n\t\t\t\t<div class=\"elementor-widget-container\">\n\t\t\t\t\t\t\t\t\t\t\t\t<figure class=\"wp-caption\">\n\t\t\t\t\t\t\t\t\t\t<img loading=\"lazy\" decoding=\"async\" width=\"800\" height=\"607\" src=\"https:\/\/araunahtech.com.br\/wp-content\/uploads\/2024\/08\/manometros.png\" class=\"attachment-large size-large wp-image-2612\" alt=\"\" srcset=\"https:\/\/araunahtech.com.br\/wp-content\/uploads\/2024\/08\/manometros.png 857w, https:\/\/araunahtech.com.br\/wp-content\/uploads\/2024\/08\/manometros-300x228.png 300w, https:\/\/araunahtech.com.br\/wp-content\/uploads\/2024\/08\/manometros-768x582.png 768w\" sizes=\"(max-width: 800px) 100vw, 800px\" \/>\t\t\t\t\t\t\t\t\t\t\t<figcaption class=\"widget-image-caption wp-caption-text\"><\/figcaption>\n\t\t\t\t\t\t\t\t\t\t<\/figure>\n\t\t\t\t\t\t\t\t\t<\/div>\n\t\t\t\t<\/div>\n\t\t\t\t<div class=\"elementor-element elementor-element-3842f17 elementor-widget__width-initial elementor-widget-mobile__width-initial elementor-widget elementor-widget-text-editor\" data-id=\"3842f17\" data-element_type=\"widget\" data-widget_type=\"text-editor.default\">\n\t\t\t\t<div class=\"elementor-widget-container\">\n\t\t\t\t\t\t\t\t\t<p>Fornecimento de diversos modelos de <strong>v\u00e1lvulas de seguran\u00e7a e man\u00f4metros<\/strong> de acordo com a necessidade de cada linha de produ\u00e7\u00e3o, caldeiras, vasos de press\u00e3o e processos industriais diversos.<\/p>\t\t\t\t\t\t\t\t<\/div>\n\t\t\t\t<\/div>\n\t\t\t\t\t<\/div>\n\t\t<\/div>\n\t\t\t\t\t<\/div>\n\t\t<\/section>\n\t\t\t\t<\/div>\n\t\t","protected":false},"excerpt":{"rendered":"<p>O sistema AQUA4D promove, por meio de um campo eletromagn\u00e9tico espec\u00edfico, altera\u00e7\u00f5es f\u00edsico-qu\u00edmicas na \u00e1gua que favorecem a preven\u00e7\u00e3o contra incrusta\u00e7\u00e3o e corros\u00e3o em caldeiras e sistemas de aquecimento ou resfriamento de \u00e1gua. Na avicultura, elimina as fontes de pat\u00f3genos, biofilmes e entupimento das linhas de \u00e1gua e nipples. A tecnologia VIQUA possui uma unidade [&hellip;]<\/p>\n","protected":false},"author":3,"featured_media":0,"parent":0,"menu_order":0,"comment_status":"closed","ping_status":"closed","template":"","meta":{"footnotes":""},"class_list":["post-2453","page","type-page","status-publish","hentry"],"_links":{"self":[{"href":"https:\/\/araunahtech.com.br\/index.php?rest_route=\/wp\/v2\/pages\/2453","targetHints":{"allow":["GET"]}}],"collection":[{"href":"https:\/\/araunahtech.com.br\/index.php?rest_route=\/wp\/v2\/pages"}],"about":[{"href":"https:\/\/araunahtech.com.br\/index.php?rest_route=\/wp\/v2\/types\/page"}],"author":[{"embeddable":true,"href":"https:\/\/araunahtech.com.br\/index.php?rest_route=\/wp\/v2\/users\/3"}],"replies":[{"embeddable":true,"href":"https:\/\/araunahtech.com.br\/index.php?rest_route=%2Fwp%2Fv2%2Fcomments&post=2453"}],"version-history":[{"count":169,"href":"https:\/\/araunahtech.com.br\/index.php?rest_route=\/wp\/v2\/pages\/2453\/revisions"}],"predecessor-version":[{"id":3257,"href":"https:\/\/araunahtech.com.br\/index.php?rest_route=\/wp\/v2\/pages\/2453\/revisions\/3257"}],"wp:attachment":[{"href":"https:\/\/araunahtech.com.br\/index.php?rest_route=%2Fwp%2Fv2%2Fmedia&parent=2453"}],"curies":[{"name":"wp","href":"https:\/\/api.w.org\/{rel}","templated":true}]}}