{"id":29,"date":"2023-08-16T13:18:10","date_gmt":"2023-08-16T13:18:10","guid":{"rendered":"https:\/\/araunahtech.com.br\/?page_id=29"},"modified":"2024-08-30T17:24:53","modified_gmt":"2024-08-30T17:24:53","slug":"quem-somos","status":"publish","type":"page","link":"https:\/\/araunahtech.com.br\/?page_id=29","title":{"rendered":"Quem somos"},"content":{"rendered":"\t\t<div data-elementor-type=\"wp-page\" data-elementor-id=\"29\" class=\"elementor elementor-29\" data-elementor-post-type=\"page\">\n\t\t\t\t\t\t<section class=\"elementor-section elementor-top-section elementor-element elementor-element-49828e9 elementor-section-full_width elementor-section-height-default elementor-section-height-default\" data-id=\"49828e9\" data-element_type=\"section\">\n\t\t\t\t\t\t<div class=\"elementor-container elementor-column-gap-default\">\n\t\t\t\t\t<div class=\"elementor-column elementor-col-100 elementor-top-column elementor-element elementor-element-819cb65\" data-id=\"819cb65\" data-element_type=\"column\">\n\t\t\t<div class=\"elementor-widget-wrap elementor-element-populated\">\n\t\t\t\t\t\t<div class=\"elementor-element elementor-element-f6ec8a5 elementor-widget elementor-widget-image\" data-id=\"f6ec8a5\" data-element_type=\"widget\" data-widget_type=\"image.default\">\n\t\t\t\t<div class=\"elementor-widget-container\">\n\t\t\t\t\t\t\t\t\t\t\t\t\t\t\t<img fetchpriority=\"high\" decoding=\"async\" width=\"800\" height=\"269\" src=\"https:\/\/araunahtech.com.br\/wp-content\/uploads\/2024\/08\/BANNER-TESTE-QUEM-SOMOS3-1024x344.jpg\" class=\"attachment-large size-large wp-image-3363\" alt=\"\" srcset=\"https:\/\/araunahtech.com.br\/wp-content\/uploads\/2024\/08\/BANNER-TESTE-QUEM-SOMOS3-1024x344.jpg 1024w, https:\/\/araunahtech.com.br\/wp-content\/uploads\/2024\/08\/BANNER-TESTE-QUEM-SOMOS3-300x101.jpg 300w, https:\/\/araunahtech.com.br\/wp-content\/uploads\/2024\/08\/BANNER-TESTE-QUEM-SOMOS3-768x258.jpg 768w, https:\/\/araunahtech.com.br\/wp-content\/uploads\/2024\/08\/BANNER-TESTE-QUEM-SOMOS3.jpg 1346w\" sizes=\"(max-width: 800px) 100vw, 800px\" \/>\t\t\t\t\t\t\t\t\t\t\t\t\t\t\t<\/div>\n\t\t\t\t<\/div>\n\t\t\t\t\t<\/div>\n\t\t<\/div>\n\t\t\t\t\t<\/div>\n\t\t<\/section>\n\t\t\t\t<section class=\"elementor-section elementor-top-section elementor-element elementor-element-90e4757 elementor-section-boxed elementor-section-height-default elementor-section-height-default\" data-id=\"90e4757\" data-element_type=\"section\">\n\t\t\t\t\t\t<div class=\"elementor-container elementor-column-gap-wide\">\n\t\t\t\t\t<div class=\"elementor-column elementor-col-50 elementor-top-column elementor-element elementor-element-4b6ce2d\" data-id=\"4b6ce2d\" data-element_type=\"column\">\n\t\t\t<div class=\"elementor-widget-wrap elementor-element-populated\">\n\t\t\t\t\t\t<div class=\"elementor-element elementor-element-66231d7 elementor-widget elementor-widget-heading\" data-id=\"66231d7\" data-element_type=\"widget\" data-widget_type=\"heading.default\">\n\t\t\t\t<div class=\"elementor-widget-container\">\n\t\t\t\t\t<h2 class=\"elementor-heading-title elementor-size-default\">Quem<\/h2>\t\t\t\t<\/div>\n\t\t\t\t<\/div>\n\t\t\t\t<div class=\"elementor-element elementor-element-8d5c854 elementor-widget elementor-widget-heading\" data-id=\"8d5c854\" data-element_type=\"widget\" data-widget_type=\"heading.default\">\n\t\t\t\t<div class=\"elementor-widget-container\">\n\t\t\t\t\t<h2 class=\"elementor-heading-title elementor-size-default\">Somos<\/h2>\t\t\t\t<\/div>\n\t\t\t\t<\/div>\n\t\t\t\t\t<\/div>\n\t\t<\/div>\n\t\t\t\t<div class=\"elementor-column elementor-col-50 elementor-top-column elementor-element elementor-element-38939fa\" data-id=\"38939fa\" data-element_type=\"column\">\n\t\t\t<div class=\"elementor-widget-wrap elementor-element-populated\">\n\t\t\t\t\t\t<div class=\"elementor-element elementor-element-f21af4c elementor-widget__width-initial elementor-widget elementor-widget-text-editor\" data-id=\"f21af4c\" data-element_type=\"widget\" data-widget_type=\"text-editor.default\">\n\t\t\t\t<div class=\"elementor-widget-container\">\n\t\t\t\t\t\t\t\t\t<p>Somos especialistas em conceitos e tecnologias inovadoras, comprovadamente eficientes para solu\u00e7\u00e3o de problemas relacionados \u00e0 <strong>Compostagem, Agricultura, Avicultura e Ind\u00fastria,<\/strong> com foco na otimiza\u00e7\u00e3o da produtividade, qualidade e redu\u00e7\u00e3o de custos.<\/p><p>Possu\u00edmos um vasto portifolio de produtos e servi\u00e7os, que inclui tecnologias pr\u00f3prias e internacionais, para diversas linhas de atua\u00e7\u00e3o. Trabalhamos com solu\u00e7\u00f5es limpas e flex\u00edveis, sempre atrav\u00e9s do diagn\u00f3stico personalizado, para entender as diferentes realidades de cada neg\u00f3cio.<\/p><p>Prezamos pela venda consultiva de projetos, produtos e servi\u00e7os e pelo atendimento p\u00f3s venda exclusivo e presente para todos nossos clientes.<\/p>\t\t\t\t\t\t\t\t<\/div>\n\t\t\t\t<\/div>\n\t\t\t\t<div class=\"elementor-element elementor-element-ab98ee3 elementor-widget elementor-widget-heading\" data-id=\"ab98ee3\" data-element_type=\"widget\" data-widget_type=\"heading.default\">\n\t\t\t\t<div class=\"elementor-widget-container\">\n\t\t\t\t\t<h4 class=\"elementor-heading-title elementor-size-default\">Um passo \u00e0 frente. Sempre.<\/h4>\t\t\t\t<\/div>\n\t\t\t\t<\/div>\n\t\t\t\t\t<\/div>\n\t\t<\/div>\n\t\t\t\t\t<\/div>\n\t\t<\/section>\n\t\t\t\t<section class=\"elementor-section elementor-top-section elementor-element elementor-element-0688bca elementor-section-boxed elementor-section-height-default elementor-section-height-default\" data-id=\"0688bca\" data-element_type=\"section\" data-settings=\"{&quot;background_background&quot;:&quot;classic&quot;}\">\n\t\t\t\t\t\t<div class=\"elementor-container elementor-column-gap-default\">\n\t\t\t\t\t<div class=\"elementor-column elementor-col-100 elementor-top-column elementor-element elementor-element-44c42e7\" data-id=\"44c42e7\" data-element_type=\"column\">\n\t\t\t<div class=\"elementor-widget-wrap elementor-element-populated\">\n\t\t\t\t\t\t<section class=\"elementor-section elementor-inner-section elementor-element elementor-element-92304b2 elementor-section-boxed elementor-section-height-default elementor-section-height-default\" data-id=\"92304b2\" data-element_type=\"section\">\n\t\t\t\t\t\t<div class=\"elementor-container elementor-column-gap-default\">\n\t\t\t\t\t<div class=\"elementor-column elementor-col-33 elementor-inner-column elementor-element elementor-element-28e79f2\" data-id=\"28e79f2\" data-element_type=\"column\">\n\t\t\t<div class=\"elementor-widget-wrap elementor-element-populated\">\n\t\t\t\t\t\t<div class=\"elementor-element elementor-element-a1749ee elementor-view-default elementor-widget elementor-widget-icon\" data-id=\"a1749ee\" data-element_type=\"widget\" data-widget_type=\"icon.default\">\n\t\t\t\t<div class=\"elementor-widget-container\">\n\t\t\t\t\t\t\t<div class=\"elementor-icon-wrapper\">\n\t\t\t<div class=\"elementor-icon\">\n\t\t\t<i aria-hidden=\"true\" class=\"fas fa-quote-left\"><\/i>\t\t\t<\/div>\n\t\t<\/div>\n\t\t\t\t\t\t<\/div>\n\t\t\t\t<\/div>\n\t\t\t\t\t<\/div>\n\t\t<\/div>\n\t\t\t\t<div class=\"elementor-column elementor-col-33 elementor-inner-column elementor-element elementor-element-3902c47\" data-id=\"3902c47\" data-element_type=\"column\">\n\t\t\t<div class=\"elementor-widget-wrap elementor-element-populated\">\n\t\t\t\t\t\t<div class=\"elementor-element elementor-element-efdb6f5 elementor-widget__width-initial elementor-widget elementor-widget-heading\" data-id=\"efdb6f5\" data-element_type=\"widget\" data-widget_type=\"heading.default\">\n\t\t\t\t<div class=\"elementor-widget-container\">\n\t\t\t\t\t<h2 class=\"elementor-heading-title elementor-size-default\">Somos l\u00edderes de mercado em projetos de compostagem e oferecemos alta tecnologia no tratamento de \u00e1gua para ind\u00fastria, \navicultura e agricultura.<\/h2>\t\t\t\t<\/div>\n\t\t\t\t<\/div>\n\t\t\t\t\t<\/div>\n\t\t<\/div>\n\t\t\t\t<div class=\"elementor-column elementor-col-33 elementor-inner-column elementor-element elementor-element-079a4bb\" data-id=\"079a4bb\" data-element_type=\"column\">\n\t\t\t<div class=\"elementor-widget-wrap elementor-element-populated\">\n\t\t\t\t\t\t<div class=\"elementor-element elementor-element-62c7379 elementor-view-default elementor-widget elementor-widget-icon\" data-id=\"62c7379\" data-element_type=\"widget\" data-widget_type=\"icon.default\">\n\t\t\t\t<div class=\"elementor-widget-container\">\n\t\t\t\t\t\t\t<div class=\"elementor-icon-wrapper\">\n\t\t\t<div class=\"elementor-icon\">\n\t\t\t<i aria-hidden=\"true\" class=\"fas fa-quote-right\"><\/i>\t\t\t<\/div>\n\t\t<\/div>\n\t\t\t\t\t\t<\/div>\n\t\t\t\t<\/div>\n\t\t\t\t\t<\/div>\n\t\t<\/div>\n\t\t\t\t\t<\/div>\n\t\t<\/section>\n\t\t\t\t\t<\/div>\n\t\t<\/div>\n\t\t\t\t\t<\/div>\n\t\t<\/section>\n\t\t\t\t<section class=\"elementor-section elementor-top-section elementor-element elementor-element-57d7a31 elementor-section-full_width elementor-section-height-default elementor-section-height-default\" data-id=\"57d7a31\" data-element_type=\"section\">\n\t\t\t\t\t\t<div class=\"elementor-container elementor-column-gap-default\">\n\t\t\t\t\t<div class=\"elementor-column elementor-col-100 elementor-top-column elementor-element elementor-element-fdda758\" data-id=\"fdda758\" data-element_type=\"column\">\n\t\t\t<div class=\"elementor-widget-wrap elementor-element-populated\">\n\t\t\t\t\t\t<div class=\"elementor-element elementor-element-1324697 elementor-widget elementor-widget-image\" data-id=\"1324697\" data-element_type=\"widget\" data-widget_type=\"image.default\">\n\t\t\t\t<div class=\"elementor-widget-container\">\n\t\t\t\t\t\t\t\t\t\t\t\t\t\t\t<img decoding=\"async\" width=\"800\" height=\"396\" src=\"https:\/\/araunahtech.com.br\/wp-content\/uploads\/2023\/08\/foto-compostagem-pag-quem-somos-2-1024x507.jpg\" class=\"attachment-large size-large wp-image-103\" alt=\"\" srcset=\"https:\/\/araunahtech.com.br\/wp-content\/uploads\/2023\/08\/foto-compostagem-pag-quem-somos-2-1024x507.jpg 1024w, https:\/\/araunahtech.com.br\/wp-content\/uploads\/2023\/08\/foto-compostagem-pag-quem-somos-2-300x148.jpg 300w, https:\/\/araunahtech.com.br\/wp-content\/uploads\/2023\/08\/foto-compostagem-pag-quem-somos-2-768x380.jpg 768w, https:\/\/araunahtech.com.br\/wp-content\/uploads\/2023\/08\/foto-compostagem-pag-quem-somos-2-1536x760.jpg 1536w, https:\/\/araunahtech.com.br\/wp-content\/uploads\/2023\/08\/foto-compostagem-pag-quem-somos-2.jpg 1920w\" sizes=\"(max-width: 800px) 100vw, 800px\" \/>\t\t\t\t\t\t\t\t\t\t\t\t\t\t\t<\/div>\n\t\t\t\t<\/div>\n\t\t\t\t\t<\/div>\n\t\t<\/div>\n\t\t\t\t\t<\/div>\n\t\t<\/section>\n\t\t\t\t<\/div>\n\t\t","protected":false},"excerpt":{"rendered":"<p>Quem Somos Somos especialistas em conceitos e tecnologias inovadoras, comprovadamente eficientes para solu\u00e7\u00e3o de problemas relacionados \u00e0 Compostagem, Agricultura, Avicultura e Ind\u00fastria, com foco na otimiza\u00e7\u00e3o da produtividade, qualidade e redu\u00e7\u00e3o de custos. Possu\u00edmos um vasto portifolio de produtos e servi\u00e7os, que inclui tecnologias pr\u00f3prias e internacionais, para diversas linhas de atua\u00e7\u00e3o. Trabalhamos com solu\u00e7\u00f5es [&hellip;]<\/p>\n","protected":false},"author":1,"featured_media":0,"parent":0,"menu_order":0,"comment_status":"closed","ping_status":"closed","template":"","meta":{"footnotes":""},"class_list":["post-29","page","type-page","status-publish","hentry"],"_links":{"self":[{"href":"https:\/\/araunahtech.com.br\/index.php?rest_route=\/wp\/v2\/pages\/29","targetHints":{"allow":["GET"]}}],"collection":[{"href":"https:\/\/araunahtech.com.br\/index.php?rest_route=\/wp\/v2\/pages"}],"about":[{"href":"https:\/\/araunahtech.com.br\/index.php?rest_route=\/wp\/v2\/types\/page"}],"author":[{"embeddable":true,"href":"https:\/\/araunahtech.com.br\/index.php?rest_route=\/wp\/v2\/users\/1"}],"replies":[{"embeddable":true,"href":"https:\/\/araunahtech.com.br\/index.php?rest_route=%2Fwp%2Fv2%2Fcomments&post=29"}],"version-history":[{"count":79,"href":"https:\/\/araunahtech.com.br\/index.php?rest_route=\/wp\/v2\/pages\/29\/revisions"}],"predecessor-version":[{"id":3369,"href":"https:\/\/araunahtech.com.br\/index.php?rest_route=\/wp\/v2\/pages\/29\/revisions\/3369"}],"wp:attachment":[{"href":"https:\/\/araunahtech.com.br\/index.php?rest_route=%2Fwp%2Fv2%2Fmedia&parent=29"}],"curies":[{"name":"wp","href":"https:\/\/api.w.org\/{rel}","templated":true}]}}