{"id":3068,"date":"2024-08-29T14:57:58","date_gmt":"2024-08-29T14:57:58","guid":{"rendered":"https:\/\/araunahtech.com.br\/?page_id=3068"},"modified":"2024-08-29T19:25:10","modified_gmt":"2024-08-29T19:25:10","slug":"servicos","status":"publish","type":"page","link":"https:\/\/araunahtech.com.br\/?page_id=3068","title":{"rendered":"SERVI\u00c7OS"},"content":{"rendered":"\t\t<div data-elementor-type=\"wp-page\" data-elementor-id=\"3068\" class=\"elementor elementor-3068\" data-elementor-post-type=\"page\">\n\t\t\t\t\t\t<section class=\"elementor-section elementor-top-section elementor-element elementor-element-802d918 elementor-section-full_width elementor-section-height-default elementor-section-height-default\" data-id=\"802d918\" data-element_type=\"section\">\n\t\t\t\t\t\t<div class=\"elementor-container elementor-column-gap-default\">\n\t\t\t\t\t<div class=\"elementor-column elementor-col-100 elementor-top-column elementor-element elementor-element-555d6db\" data-id=\"555d6db\" data-element_type=\"column\">\n\t\t\t<div class=\"elementor-widget-wrap elementor-element-populated\">\n\t\t\t\t\t\t<div class=\"elementor-element elementor-element-6119334 elementor-widget elementor-widget-image\" data-id=\"6119334\" data-element_type=\"widget\" data-widget_type=\"image.default\">\n\t\t\t\t<div class=\"elementor-widget-container\">\n\t\t\t\t\t\t\t\t\t\t\t\t\t\t\t<img fetchpriority=\"high\" decoding=\"async\" width=\"1346\" height=\"452\" src=\"https:\/\/araunahtech.com.br\/wp-content\/uploads\/2024\/08\/BANNER-SERVICOS.jpg\" class=\"attachment-full size-full wp-image-3074\" alt=\"\" srcset=\"https:\/\/araunahtech.com.br\/wp-content\/uploads\/2024\/08\/BANNER-SERVICOS.jpg 1346w, https:\/\/araunahtech.com.br\/wp-content\/uploads\/2024\/08\/BANNER-SERVICOS-300x101.jpg 300w, https:\/\/araunahtech.com.br\/wp-content\/uploads\/2024\/08\/BANNER-SERVICOS-1024x344.jpg 1024w, https:\/\/araunahtech.com.br\/wp-content\/uploads\/2024\/08\/BANNER-SERVICOS-768x258.jpg 768w\" sizes=\"(max-width: 1346px) 100vw, 1346px\" \/>\t\t\t\t\t\t\t\t\t\t\t\t\t\t\t<\/div>\n\t\t\t\t<\/div>\n\t\t\t\t\t<\/div>\n\t\t<\/div>\n\t\t\t\t\t<\/div>\n\t\t<\/section>\n\t\t\t\t<section class=\"elementor-section elementor-top-section elementor-element elementor-element-d9a82b5 elementor-section-full_width elementor-section-height-min-height elementor-section-height-default elementor-section-items-middle\" data-id=\"d9a82b5\" data-element_type=\"section\" data-settings=\"{&quot;background_background&quot;:&quot;classic&quot;}\">\n\t\t\t\t\t\t\t<div class=\"elementor-background-overlay\"><\/div>\n\t\t\t\t\t\t\t<div class=\"elementor-container elementor-column-gap-default\">\n\t\t\t\t\t<div class=\"elementor-column elementor-col-100 elementor-top-column elementor-element elementor-element-8f534cc\" data-id=\"8f534cc\" data-element_type=\"column\" data-settings=\"{&quot;animation_mobile&quot;:&quot;fadeIn&quot;}\">\n\t\t\t<div class=\"elementor-widget-wrap elementor-element-populated\">\n\t\t\t\t\t\t<div class=\"elementor-element elementor-element-154e74a elementor-widget__width-initial elementor-widget-mobile__width-initial elementor-widget elementor-widget-image\" data-id=\"154e74a\" data-element_type=\"widget\" data-widget_type=\"image.default\">\n\t\t\t\t<div class=\"elementor-widget-container\">\n\t\t\t\t\t\t\t\t\t\t\t\t<figure class=\"wp-caption\">\n\t\t\t\t\t\t\t\t\t\t<img decoding=\"async\" width=\"768\" height=\"347\" src=\"https:\/\/araunahtech.com.br\/wp-content\/uploads\/2024\/08\/logo-inspecao-nr13-768x347.png\" class=\"attachment-medium_large size-medium_large wp-image-3081\" alt=\"\" srcset=\"https:\/\/araunahtech.com.br\/wp-content\/uploads\/2024\/08\/logo-inspecao-nr13-768x347.png 768w, https:\/\/araunahtech.com.br\/wp-content\/uploads\/2024\/08\/logo-inspecao-nr13-300x136.png 300w, https:\/\/araunahtech.com.br\/wp-content\/uploads\/2024\/08\/logo-inspecao-nr13.png 797w\" sizes=\"(max-width: 768px) 100vw, 768px\" \/>\t\t\t\t\t\t\t\t\t\t\t<figcaption class=\"widget-image-caption wp-caption-text\"><\/figcaption>\n\t\t\t\t\t\t\t\t\t\t<\/figure>\n\t\t\t\t\t\t\t\t\t<\/div>\n\t\t\t\t<\/div>\n\t\t\t\t<div class=\"elementor-element elementor-element-628a3e0 elementor-widget__width-initial elementor-widget-mobile__width-initial elementor-widget elementor-widget-image\" data-id=\"628a3e0\" data-element_type=\"widget\" data-widget_type=\"image.default\">\n\t\t\t\t<div class=\"elementor-widget-container\">\n\t\t\t\t\t\t\t\t\t\t\t\t<figure class=\"wp-caption\">\n\t\t\t\t\t\t\t\t\t\t<img decoding=\"async\" width=\"768\" height=\"618\" src=\"https:\/\/araunahtech.com.br\/wp-content\/uploads\/2024\/08\/fotos-insp-caldeira-768x618.png\" class=\"attachment-medium_large size-medium_large wp-image-3088\" alt=\"\" srcset=\"https:\/\/araunahtech.com.br\/wp-content\/uploads\/2024\/08\/fotos-insp-caldeira-768x618.png 768w, https:\/\/araunahtech.com.br\/wp-content\/uploads\/2024\/08\/fotos-insp-caldeira-300x241.png 300w, https:\/\/araunahtech.com.br\/wp-content\/uploads\/2024\/08\/fotos-insp-caldeira-1024x824.png 1024w, https:\/\/araunahtech.com.br\/wp-content\/uploads\/2024\/08\/fotos-insp-caldeira.png 1170w\" sizes=\"(max-width: 768px) 100vw, 768px\" \/>\t\t\t\t\t\t\t\t\t\t\t<figcaption class=\"widget-image-caption wp-caption-text\"><\/figcaption>\n\t\t\t\t\t\t\t\t\t\t<\/figure>\n\t\t\t\t\t\t\t\t\t<\/div>\n\t\t\t\t<\/div>\n\t\t\t\t<div class=\"elementor-element elementor-element-f839787 elementor-widget__width-initial elementor-widget-mobile__width-initial elementor-widget elementor-widget-text-editor\" data-id=\"f839787\" data-element_type=\"widget\" data-widget_type=\"text-editor.default\">\n\t\t\t\t<div class=\"elementor-widget-container\">\n\t\t\t\t\t\t\t\t\t<p><strong>Realizamos inspe\u00e7\u00f5es peri\u00f3dicas e extraordin\u00e1rias em caldeiras, vasos de press\u00e3o, tubula\u00e7\u00f5es e tanques met\u00e1licos de armazenamento de acordo com os requisitos da normativa NR-13.<\/strong><\/p><p>Servi\u00e7o realizado por profissionais especializados e habilitados, com laudo ART junto ao CREA.<\/p>\t\t\t\t\t\t\t\t<\/div>\n\t\t\t\t<\/div>\n\t\t\t\t\t<\/div>\n\t\t<\/div>\n\t\t\t\t\t<\/div>\n\t\t<\/section>\n\t\t\t\t<section class=\"elementor-section elementor-top-section elementor-element elementor-element-05109d5 elementor-section-full_width elementor-section-height-min-height elementor-section-height-default elementor-section-items-middle\" data-id=\"05109d5\" data-element_type=\"section\" data-settings=\"{&quot;background_background&quot;:&quot;classic&quot;}\">\n\t\t\t\t\t\t\t<div class=\"elementor-background-overlay\"><\/div>\n\t\t\t\t\t\t\t<div class=\"elementor-container elementor-column-gap-default\">\n\t\t\t\t\t<div class=\"elementor-column elementor-col-100 elementor-top-column elementor-element elementor-element-1c8a115\" data-id=\"1c8a115\" data-element_type=\"column\" data-settings=\"{&quot;animation_mobile&quot;:&quot;fadeIn&quot;}\">\n\t\t\t<div class=\"elementor-widget-wrap elementor-element-populated\">\n\t\t\t\t\t\t<div class=\"elementor-element elementor-element-36dd91b elementor-widget__width-initial elementor-widget-mobile__width-initial elementor-widget elementor-widget-text-editor\" data-id=\"36dd91b\" data-element_type=\"widget\" data-widget_type=\"text-editor.default\">\n\t\t\t\t<div class=\"elementor-widget-container\">\n\t\t\t\t\t\t\t\t\t<p><strong>TREINAMENTO ESPECIALIZADO<br \/>DE SEGURAN\u00c7A<br \/>NA OPERA\u00c7\u00c3O<br \/><\/strong><strong>DE CALDEIRAS<\/strong><\/p>\t\t\t\t\t\t\t\t<\/div>\n\t\t\t\t<\/div>\n\t\t\t\t<div class=\"elementor-element elementor-element-6998eeb elementor-widget__width-initial elementor-widget-mobile__width-initial elementor-widget elementor-widget-image\" data-id=\"6998eeb\" data-element_type=\"widget\" data-widget_type=\"image.default\">\n\t\t\t\t<div class=\"elementor-widget-container\">\n\t\t\t\t\t\t\t\t\t\t\t\t<figure class=\"wp-caption\">\n\t\t\t\t\t\t\t\t\t\t<img loading=\"lazy\" decoding=\"async\" width=\"768\" height=\"437\" src=\"https:\/\/araunahtech.com.br\/wp-content\/uploads\/2024\/08\/treinamento-768x437.png\" class=\"attachment-medium_large size-medium_large wp-image-3114\" alt=\"\" srcset=\"https:\/\/araunahtech.com.br\/wp-content\/uploads\/2024\/08\/treinamento-768x437.png 768w, https:\/\/araunahtech.com.br\/wp-content\/uploads\/2024\/08\/treinamento-300x171.png 300w, https:\/\/araunahtech.com.br\/wp-content\/uploads\/2024\/08\/treinamento-1024x583.png 1024w, https:\/\/araunahtech.com.br\/wp-content\/uploads\/2024\/08\/treinamento-1536x874.png 1536w, https:\/\/araunahtech.com.br\/wp-content\/uploads\/2024\/08\/treinamento.png 1875w\" sizes=\"(max-width: 768px) 100vw, 768px\" \/>\t\t\t\t\t\t\t\t\t\t\t<figcaption class=\"widget-image-caption wp-caption-text\"><\/figcaption>\n\t\t\t\t\t\t\t\t\t\t<\/figure>\n\t\t\t\t\t\t\t\t\t<\/div>\n\t\t\t\t<\/div>\n\t\t\t\t<div class=\"elementor-element elementor-element-a1032dc elementor-widget__width-initial elementor-widget-mobile__width-initial elementor-widget elementor-widget-text-editor\" data-id=\"a1032dc\" data-element_type=\"widget\" data-widget_type=\"text-editor.default\">\n\t\t\t\t<div class=\"elementor-widget-container\">\n\t\t\t\t\t\t\t\t\t<p><strong>Oferecemos a capacita\u00e7\u00e3o de profissionais\u00a0 na opera\u00e7\u00e3o segura de caldeiras,<\/strong> segundo as diretrizes de acordo com a normativa NR-13.<\/p>\t\t\t\t\t\t\t\t<\/div>\n\t\t\t\t<\/div>\n\t\t\t\t\t<\/div>\n\t\t<\/div>\n\t\t\t\t\t<\/div>\n\t\t<\/section>\n\t\t\t\t<section class=\"elementor-section elementor-top-section elementor-element elementor-element-cc3b745 elementor-section-full_width elementor-section-height-min-height elementor-section-height-default elementor-section-items-middle\" data-id=\"cc3b745\" data-element_type=\"section\" data-settings=\"{&quot;background_background&quot;:&quot;classic&quot;}\">\n\t\t\t\t\t\t\t<div class=\"elementor-background-overlay\"><\/div>\n\t\t\t\t\t\t\t<div class=\"elementor-container elementor-column-gap-default\">\n\t\t\t\t\t<div class=\"elementor-column elementor-col-100 elementor-top-column elementor-element elementor-element-8096cd8\" data-id=\"8096cd8\" data-element_type=\"column\" data-settings=\"{&quot;animation_mobile&quot;:&quot;fadeIn&quot;}\">\n\t\t\t<div class=\"elementor-widget-wrap elementor-element-populated\">\n\t\t\t\t\t\t<div class=\"elementor-element elementor-element-052281a elementor-widget__width-initial elementor-widget-mobile__width-initial elementor-widget elementor-widget-image\" data-id=\"052281a\" data-element_type=\"widget\" data-widget_type=\"image.default\">\n\t\t\t\t<div class=\"elementor-widget-container\">\n\t\t\t\t\t\t\t\t\t\t\t\t<figure class=\"wp-caption\">\n\t\t\t\t\t\t\t\t\t\t<img loading=\"lazy\" decoding=\"async\" width=\"768\" height=\"269\" src=\"https:\/\/araunahtech.com.br\/wp-content\/uploads\/2024\/08\/Calibracao-de-768x269.png\" class=\"attachment-medium_large size-medium_large wp-image-3140\" alt=\"\" srcset=\"https:\/\/araunahtech.com.br\/wp-content\/uploads\/2024\/08\/Calibracao-de-768x269.png 768w, https:\/\/araunahtech.com.br\/wp-content\/uploads\/2024\/08\/Calibracao-de-300x105.png 300w, https:\/\/araunahtech.com.br\/wp-content\/uploads\/2024\/08\/Calibracao-de.png 831w\" sizes=\"(max-width: 768px) 100vw, 768px\" \/>\t\t\t\t\t\t\t\t\t\t\t<figcaption class=\"widget-image-caption wp-caption-text\"><\/figcaption>\n\t\t\t\t\t\t\t\t\t\t<\/figure>\n\t\t\t\t\t\t\t\t\t<\/div>\n\t\t\t\t<\/div>\n\t\t\t\t<div class=\"elementor-element elementor-element-591f024 elementor-widget__width-initial elementor-widget-mobile__width-initial elementor-widget elementor-widget-image\" data-id=\"591f024\" data-element_type=\"widget\" data-widget_type=\"image.default\">\n\t\t\t\t<div class=\"elementor-widget-container\">\n\t\t\t\t\t\t\t\t\t\t\t\t<figure class=\"wp-caption\">\n\t\t\t\t\t\t\t\t\t\t<img loading=\"lazy\" decoding=\"async\" width=\"768\" height=\"598\" src=\"https:\/\/araunahtech.com.br\/wp-content\/uploads\/2024\/08\/calibrador-hudieze-768x598.png\" class=\"attachment-medium_large size-medium_large wp-image-3141\" alt=\"\" srcset=\"https:\/\/araunahtech.com.br\/wp-content\/uploads\/2024\/08\/calibrador-hudieze-768x598.png 768w, https:\/\/araunahtech.com.br\/wp-content\/uploads\/2024\/08\/calibrador-hudieze-300x234.png 300w, https:\/\/araunahtech.com.br\/wp-content\/uploads\/2024\/08\/calibrador-hudieze.png 872w\" sizes=\"(max-width: 768px) 100vw, 768px\" \/>\t\t\t\t\t\t\t\t\t\t\t<figcaption class=\"widget-image-caption wp-caption-text\"><\/figcaption>\n\t\t\t\t\t\t\t\t\t\t<\/figure>\n\t\t\t\t\t\t\t\t\t<\/div>\n\t\t\t\t<\/div>\n\t\t\t\t<div class=\"elementor-element elementor-element-7185a44 elementor-widget__width-initial elementor-widget-mobile__width-initial elementor-widget elementor-widget-text-editor\" data-id=\"7185a44\" data-element_type=\"widget\" data-widget_type=\"text-editor.default\">\n\t\t\t\t<div class=\"elementor-widget-container\">\n\t\t\t\t\t\t\t\t\t<p><b>Calibra\u00e7\u00f5es, aferi\u00e7\u00f5es, ajustes e manuten\u00e7\u00f5es em v\u00e1lvulas de seguran\u00e7a e man\u00f4metros industriais.<\/b><\/p>\t\t\t\t\t\t\t\t<\/div>\n\t\t\t\t<\/div>\n\t\t\t\t\t<\/div>\n\t\t<\/div>\n\t\t\t\t\t<\/div>\n\t\t<\/section>\n\t\t\t\t<section class=\"elementor-section elementor-top-section elementor-element elementor-element-1e50dc9 elementor-section-full_width elementor-section-height-min-height elementor-section-height-default elementor-section-items-middle\" data-id=\"1e50dc9\" data-element_type=\"section\" data-settings=\"{&quot;background_background&quot;:&quot;classic&quot;}\">\n\t\t\t\t\t\t\t<div class=\"elementor-background-overlay\"><\/div>\n\t\t\t\t\t\t\t<div class=\"elementor-container elementor-column-gap-default\">\n\t\t\t\t\t<div class=\"elementor-column elementor-col-100 elementor-top-column elementor-element elementor-element-e77c3e3\" data-id=\"e77c3e3\" data-element_type=\"column\" data-settings=\"{&quot;animation_mobile&quot;:&quot;fadeIn&quot;}\">\n\t\t\t<div class=\"elementor-widget-wrap elementor-element-populated\">\n\t\t\t\t\t\t<div class=\"elementor-element elementor-element-3fdafbc elementor-widget__width-initial elementor-widget-mobile__width-initial elementor-widget elementor-widget-text-editor\" data-id=\"3fdafbc\" data-element_type=\"widget\" data-widget_type=\"text-editor.default\">\n\t\t\t\t<div class=\"elementor-widget-container\">\n\t\t\t\t\t\t\t\t\t<p><b>MANUTEN\u00c7\u00c3O INDUSTRIAL<\/b><\/p>\t\t\t\t\t\t\t\t<\/div>\n\t\t\t\t<\/div>\n\t\t\t\t<div class=\"elementor-element elementor-element-8071e27 elementor-widget__width-initial elementor-widget-mobile__width-initial elementor-widget elementor-widget-image\" data-id=\"8071e27\" data-element_type=\"widget\" data-widget_type=\"image.default\">\n\t\t\t\t<div class=\"elementor-widget-container\">\n\t\t\t\t\t\t\t\t\t\t\t\t<figure class=\"wp-caption\">\n\t\t\t\t\t\t\t\t\t\t<img loading=\"lazy\" decoding=\"async\" width=\"768\" height=\"405\" src=\"https:\/\/araunahtech.com.br\/wp-content\/uploads\/2024\/08\/manut-industrial-768x405.png\" class=\"attachment-medium_large size-medium_large wp-image-3195\" alt=\"\" srcset=\"https:\/\/araunahtech.com.br\/wp-content\/uploads\/2024\/08\/manut-industrial-768x405.png 768w, https:\/\/araunahtech.com.br\/wp-content\/uploads\/2024\/08\/manut-industrial-300x158.png 300w, https:\/\/araunahtech.com.br\/wp-content\/uploads\/2024\/08\/manut-industrial.png 900w\" sizes=\"(max-width: 768px) 100vw, 768px\" \/>\t\t\t\t\t\t\t\t\t\t\t<figcaption class=\"widget-image-caption wp-caption-text\"><\/figcaption>\n\t\t\t\t\t\t\t\t\t\t<\/figure>\n\t\t\t\t\t\t\t\t\t<\/div>\n\t\t\t\t<\/div>\n\t\t\t\t<div class=\"elementor-element elementor-element-da2bdb2 elementor-widget__width-initial elementor-widget-mobile__width-initial elementor-widget elementor-widget-text-editor\" data-id=\"da2bdb2\" data-element_type=\"widget\" data-widget_type=\"text-editor.default\">\n\t\t\t\t<div class=\"elementor-widget-container\">\n\t\t\t\t\t\t\t\t\t<p><strong>Manuten\u00e7\u00f5es em caldeiras, vasos de press\u00e3o, torres de resfriamento, linhas de produ\u00e7\u00e3o industrial,<\/strong> entre outros, realizados por profissionais especialistas, altamente capacitados e habilitados.<\/p>\t\t\t\t\t\t\t\t<\/div>\n\t\t\t\t<\/div>\n\t\t\t\t\t<\/div>\n\t\t<\/div>\n\t\t\t\t\t<\/div>\n\t\t<\/section>\n\t\t\t\t<\/div>\n\t\t","protected":false},"excerpt":{"rendered":"<p>Realizamos inspe\u00e7\u00f5es peri\u00f3dicas e extraordin\u00e1rias em caldeiras, vasos de press\u00e3o, tubula\u00e7\u00f5es e tanques met\u00e1licos de armazenamento de acordo com os requisitos da normativa NR-13. Servi\u00e7o realizado por profissionais especializados e habilitados, com laudo ART junto ao CREA. TREINAMENTO ESPECIALIZADODE SEGURAN\u00c7ANA OPERA\u00c7\u00c3ODE CALDEIRAS Oferecemos a capacita\u00e7\u00e3o de profissionais\u00a0 na opera\u00e7\u00e3o segura de caldeiras, segundo as diretrizes [&hellip;]<\/p>\n","protected":false},"author":3,"featured_media":0,"parent":0,"menu_order":0,"comment_status":"closed","ping_status":"closed","template":"","meta":{"footnotes":""},"class_list":["post-3068","page","type-page","status-publish","hentry"],"_links":{"self":[{"href":"https:\/\/araunahtech.com.br\/index.php?rest_route=\/wp\/v2\/pages\/3068","targetHints":{"allow":["GET"]}}],"collection":[{"href":"https:\/\/araunahtech.com.br\/index.php?rest_route=\/wp\/v2\/pages"}],"about":[{"href":"https:\/\/araunahtech.com.br\/index.php?rest_route=\/wp\/v2\/types\/page"}],"author":[{"embeddable":true,"href":"https:\/\/araunahtech.com.br\/index.php?rest_route=\/wp\/v2\/users\/3"}],"replies":[{"embeddable":true,"href":"https:\/\/araunahtech.com.br\/index.php?rest_route=%2Fwp%2Fv2%2Fcomments&post=3068"}],"version-history":[{"count":142,"href":"https:\/\/araunahtech.com.br\/index.php?rest_route=\/wp\/v2\/pages\/3068\/revisions"}],"predecessor-version":[{"id":3224,"href":"https:\/\/araunahtech.com.br\/index.php?rest_route=\/wp\/v2\/pages\/3068\/revisions\/3224"}],"wp:attachment":[{"href":"https:\/\/araunahtech.com.br\/index.php?rest_route=%2Fwp%2Fv2%2Fmedia&parent=3068"}],"curies":[{"name":"wp","href":"https:\/\/api.w.org\/{rel}","templated":true}]}}