{"id":35,"date":"2023-08-16T13:18:56","date_gmt":"2023-08-16T13:18:56","guid":{"rendered":"https:\/\/araunahtech.com.br\/?page_id=35"},"modified":"2023-11-14T14:55:56","modified_gmt":"2023-11-14T14:55:56","slug":"sob-medida-para-voce","status":"publish","type":"page","link":"https:\/\/araunahtech.com.br\/?page_id=35","title":{"rendered":"Sob medida para voc\u00ea"},"content":{"rendered":"\t\t<div data-elementor-type=\"wp-page\" data-elementor-id=\"35\" class=\"elementor elementor-35\" data-elementor-post-type=\"page\">\n\t\t\t\t\t\t<section class=\"elementor-section elementor-top-section elementor-element elementor-element-d154ff9 elementor-section-full_width elementor-section-height-default elementor-section-height-default\" data-id=\"d154ff9\" data-element_type=\"section\">\n\t\t\t\t\t\t<div class=\"elementor-container elementor-column-gap-default\">\n\t\t\t\t\t<div class=\"elementor-column elementor-col-100 elementor-top-column elementor-element elementor-element-830cf35\" data-id=\"830cf35\" data-element_type=\"column\">\n\t\t\t<div class=\"elementor-widget-wrap elementor-element-populated\">\n\t\t\t\t\t\t<div class=\"elementor-element elementor-element-191a821 elementor-widget elementor-widget-image\" data-id=\"191a821\" data-element_type=\"widget\" data-widget_type=\"image.default\">\n\t\t\t\t<div class=\"elementor-widget-container\">\n\t\t\t\t\t\t\t\t\t\t\t\t\t\t\t<img fetchpriority=\"high\" decoding=\"async\" width=\"800\" height=\"377\" src=\"https:\/\/araunahtech.com.br\/wp-content\/uploads\/2023\/08\/banner-sob-medida-1-e1692218932354-1024x483.png\" class=\"attachment-large size-large wp-image-217\" alt=\"\" srcset=\"https:\/\/araunahtech.com.br\/wp-content\/uploads\/2023\/08\/banner-sob-medida-1-e1692218932354-1024x483.png 1024w, https:\/\/araunahtech.com.br\/wp-content\/uploads\/2023\/08\/banner-sob-medida-1-e1692218932354-300x141.png 300w, https:\/\/araunahtech.com.br\/wp-content\/uploads\/2023\/08\/banner-sob-medida-1-e1692218932354-768x362.png 768w, https:\/\/araunahtech.com.br\/wp-content\/uploads\/2023\/08\/banner-sob-medida-1-e1692218932354-1536x724.png 1536w, https:\/\/araunahtech.com.br\/wp-content\/uploads\/2023\/08\/banner-sob-medida-1-e1692218932354.png 1920w\" sizes=\"(max-width: 800px) 100vw, 800px\" \/>\t\t\t\t\t\t\t\t\t\t\t\t\t\t\t<\/div>\n\t\t\t\t<\/div>\n\t\t\t\t\t<\/div>\n\t\t<\/div>\n\t\t\t\t\t<\/div>\n\t\t<\/section>\n\t\t\t\t<section class=\"elementor-section elementor-top-section elementor-element elementor-element-87e9782 elementor-section-boxed elementor-section-height-default elementor-section-height-default\" data-id=\"87e9782\" data-element_type=\"section\" data-settings=\"{&quot;animation&quot;:&quot;none&quot;}\">\n\t\t\t\t\t\t<div class=\"elementor-container elementor-column-gap-wide\">\n\t\t\t\t\t<div class=\"elementor-column elementor-col-50 elementor-top-column elementor-element elementor-element-bcd378b\" data-id=\"bcd378b\" data-element_type=\"column\">\n\t\t\t<div class=\"elementor-widget-wrap elementor-element-populated\">\n\t\t\t\t\t\t<div class=\"elementor-element elementor-element-25a4ac3 elementor-widget elementor-widget-heading\" data-id=\"25a4ac3\" data-element_type=\"widget\" data-widget_type=\"heading.default\">\n\t\t\t\t<div class=\"elementor-widget-container\">\n\t\t\t\t\t<h2 class=\"elementor-heading-title elementor-size-default\">Sob medida<\/h2>\t\t\t\t<\/div>\n\t\t\t\t<\/div>\n\t\t\t\t<div class=\"elementor-element elementor-element-ed2c42e elementor-widget elementor-widget-heading\" data-id=\"ed2c42e\" data-element_type=\"widget\" data-widget_type=\"heading.default\">\n\t\t\t\t<div class=\"elementor-widget-container\">\n\t\t\t\t\t<h2 class=\"elementor-heading-title elementor-size-default\">para voc\u00ea\n<\/h2>\t\t\t\t<\/div>\n\t\t\t\t<\/div>\n\t\t\t\t\t<\/div>\n\t\t<\/div>\n\t\t\t\t<div class=\"elementor-column elementor-col-50 elementor-top-column elementor-element elementor-element-071e439\" data-id=\"071e439\" data-element_type=\"column\">\n\t\t\t<div class=\"elementor-widget-wrap elementor-element-populated\">\n\t\t\t\t\t\t<div class=\"elementor-element elementor-element-faff3e0 elementor-widget elementor-widget-text-editor\" data-id=\"faff3e0\" data-element_type=\"widget\" data-widget_type=\"text-editor.default\">\n\t\t\t\t<div class=\"elementor-widget-container\">\n\t\t\t\t\t\t\t\t\t<section id=\"sob-medida-para-voce\" class=\"el-texto-2 align meio\"><div class=\"container\"><div class=\"wrapper-texto\"><div class=\"introducao\"><div class=\"sub-titulo\"><p class=\"text\">A\u00a0<b>Araunah Tech<\/b> oferece modelos de neg\u00f3cio \u00fanicos e atrativos aos seus clientes, buscando sempre a viabilidade para cada segmento de mercado e a melhor rela\u00e7\u00e3o custo-benef\u00edcio. Confira abaixo os principais modelos de neg\u00f3cio:<\/p><\/div><\/div><\/div><\/div><\/section>\t\t\t\t\t\t\t\t<\/div>\n\t\t\t\t<\/div>\n\t\t\t\t\t<\/div>\n\t\t<\/div>\n\t\t\t\t\t<\/div>\n\t\t<\/section>\n\t\t\t\t<section class=\"elementor-section elementor-top-section elementor-element elementor-element-37fd926 elementor-section-boxed elementor-section-height-default elementor-section-height-default\" data-id=\"37fd926\" data-element_type=\"section\">\n\t\t\t\t\t\t<div class=\"elementor-container elementor-column-gap-wider\">\n\t\t\t\t\t<div class=\"elementor-column elementor-col-100 elementor-top-column elementor-element elementor-element-b0b7acf\" data-id=\"b0b7acf\" data-element_type=\"column\">\n\t\t\t<div class=\"elementor-widget-wrap elementor-element-populated\">\n\t\t\t\t\t\t<section class=\"elementor-section elementor-inner-section elementor-element elementor-element-bab4bf4 elementor-section-boxed elementor-section-height-default elementor-section-height-default\" data-id=\"bab4bf4\" data-element_type=\"section\">\n\t\t\t\t\t\t<div class=\"elementor-container elementor-column-gap-default\">\n\t\t\t\t\t<div class=\"elementor-column elementor-col-100 elementor-inner-column elementor-element elementor-element-7d0fd1b\" data-id=\"7d0fd1b\" data-element_type=\"column\" data-settings=\"{&quot;background_background&quot;:&quot;classic&quot;}\">\n\t\t\t<div class=\"elementor-widget-wrap elementor-element-populated\">\n\t\t\t\t\t\t<div class=\"elementor-element elementor-element-b47f2a2 elementor-position-left elementor-vertical-align-top elementor-widget elementor-widget-image-box\" data-id=\"b47f2a2\" data-element_type=\"widget\" data-widget_type=\"image-box.default\">\n\t\t\t\t<div class=\"elementor-widget-container\">\n\t\t\t\t\t<div class=\"elementor-image-box-wrapper\"><figure class=\"elementor-image-box-img\"><img decoding=\"async\" width=\"133\" height=\"118\" src=\"https:\/\/araunahtech.com.br\/wp-content\/uploads\/2023\/08\/icone-locacao.png\" class=\"attachment-full size-full wp-image-236\" alt=\"\" \/><\/figure><div class=\"elementor-image-box-content\"><h3 class=\"elementor-image-box-title\">Loca\u00e7\u00e3o<\/h3><p class=\"elementor-image-box-description\">Sem custo de implanta\u00e7\u00e3o e com a garantia de assist\u00eancia t\u00e9cnica o modelo de loca\u00e7\u00e3o da linha de equipamentos \u00e9 uma inova\u00e7\u00e3o comercial altamente atrativa. A loca\u00e7\u00e3o possibilita ao cliente validar resultados na sua realidade sem a necessidade de desembolso elevado ou imobiliza\u00e7\u00e3o de recursos. Atrav\u00e9s de contratos simples e amig\u00e1veis de loca\u00e7\u00e3o os resultados s\u00e3o garantidos. Implanta\u00e7\u00e3o, assist\u00eancia t\u00e9cnica e manuten\u00e7\u00e3o n\u00e3o exigem custos adicionais.*\n<\/p><\/div><\/div>\t\t\t\t<\/div>\n\t\t\t\t<\/div>\n\t\t\t\t\t<\/div>\n\t\t<\/div>\n\t\t\t\t\t<\/div>\n\t\t<\/section>\n\t\t\t\t\t<\/div>\n\t\t<\/div>\n\t\t\t\t\t<\/div>\n\t\t<\/section>\n\t\t\t\t<section class=\"elementor-section elementor-top-section elementor-element elementor-element-09e63e5 elementor-section-boxed elementor-section-height-default elementor-section-height-default\" data-id=\"09e63e5\" data-element_type=\"section\">\n\t\t\t\t\t\t<div class=\"elementor-container elementor-column-gap-wider\">\n\t\t\t\t\t<div class=\"elementor-column elementor-col-100 elementor-top-column elementor-element elementor-element-ec1cd73\" data-id=\"ec1cd73\" data-element_type=\"column\">\n\t\t\t<div class=\"elementor-widget-wrap elementor-element-populated\">\n\t\t\t\t\t\t<section class=\"elementor-section elementor-inner-section elementor-element elementor-element-08bc03d elementor-section-boxed elementor-section-height-default elementor-section-height-default\" data-id=\"08bc03d\" data-element_type=\"section\">\n\t\t\t\t\t\t<div class=\"elementor-container elementor-column-gap-default\">\n\t\t\t\t\t<div class=\"elementor-column elementor-col-100 elementor-inner-column elementor-element elementor-element-289cf79\" data-id=\"289cf79\" data-element_type=\"column\" data-settings=\"{&quot;background_background&quot;:&quot;classic&quot;}\">\n\t\t\t<div class=\"elementor-widget-wrap elementor-element-populated\">\n\t\t\t\t\t\t<div class=\"elementor-element elementor-element-cce0a5d elementor-position-left elementor-vertical-align-top elementor-widget elementor-widget-image-box\" data-id=\"cce0a5d\" data-element_type=\"widget\" data-widget_type=\"image-box.default\">\n\t\t\t\t<div class=\"elementor-widget-container\">\n\t\t\t\t\t<div class=\"elementor-image-box-wrapper\"><figure class=\"elementor-image-box-img\"><img decoding=\"async\" width=\"146\" height=\"148\" src=\"https:\/\/araunahtech.com.br\/wp-content\/uploads\/2023\/08\/icone-venda.png\" class=\"attachment-full size-full wp-image-237\" alt=\"\" \/><\/figure><div class=\"elementor-image-box-content\"><h3 class=\"elementor-image-box-title\">Vendas Customizadas<\/h3><p class=\"elementor-image-box-description\">Oferecemos vendas com condi\u00e7\u00f5es comerciais espec\u00edficas para cada mercado. Nossos especialistas em cada linha de neg\u00f3cios buscam viabilizar uso das nossas tecnologias com garantia de resultados.<\/p><\/div><\/div>\t\t\t\t<\/div>\n\t\t\t\t<\/div>\n\t\t\t\t\t<\/div>\n\t\t<\/div>\n\t\t\t\t\t<\/div>\n\t\t<\/section>\n\t\t\t\t\t<\/div>\n\t\t<\/div>\n\t\t\t\t\t<\/div>\n\t\t<\/section>\n\t\t\t\t<section class=\"elementor-section elementor-top-section elementor-element elementor-element-fd8dccc elementor-section-boxed elementor-section-height-default elementor-section-height-default\" data-id=\"fd8dccc\" data-element_type=\"section\">\n\t\t\t\t\t\t<div class=\"elementor-container elementor-column-gap-wider\">\n\t\t\t\t\t<div class=\"elementor-column elementor-col-100 elementor-top-column elementor-element elementor-element-bf700a2\" data-id=\"bf700a2\" data-element_type=\"column\">\n\t\t\t<div class=\"elementor-widget-wrap elementor-element-populated\">\n\t\t\t\t\t\t<section class=\"elementor-section elementor-inner-section elementor-element elementor-element-48ca3c1 elementor-section-boxed elementor-section-height-default elementor-section-height-default\" data-id=\"48ca3c1\" data-element_type=\"section\">\n\t\t\t\t\t\t<div class=\"elementor-container elementor-column-gap-default\">\n\t\t\t\t\t<div class=\"elementor-column elementor-col-100 elementor-inner-column elementor-element elementor-element-73ab490\" data-id=\"73ab490\" data-element_type=\"column\" data-settings=\"{&quot;background_background&quot;:&quot;classic&quot;}\">\n\t\t\t<div class=\"elementor-widget-wrap elementor-element-populated\">\n\t\t\t\t\t\t<div class=\"elementor-element elementor-element-598472c elementor-position-left elementor-vertical-align-top elementor-widget elementor-widget-image-box\" data-id=\"598472c\" data-element_type=\"widget\" data-widget_type=\"image-box.default\">\n\t\t\t\t<div class=\"elementor-widget-container\">\n\t\t\t\t\t<div class=\"elementor-image-box-wrapper\"><figure class=\"elementor-image-box-img\"><img loading=\"lazy\" decoding=\"async\" width=\"138\" height=\"137\" src=\"https:\/\/araunahtech.com.br\/wp-content\/uploads\/2023\/08\/icone-data.png\" class=\"attachment-full size-full wp-image-238\" alt=\"\" \/><\/figure><div class=\"elementor-image-box-content\"><h3 class=\"elementor-image-box-title\">Vendas Financiadas<\/h3><p class=\"elementor-image-box-description\">A Araunah Tech oferece linhas de venda a prazo para equipamentos agr\u00edcolas altamente atrativas e com condi\u00e7\u00f5es \u00fanicas de mercado. Al\u00e9m disso, oferecemos e facilitamos acesso a linhas de financiamentos junto a institui\u00e7\u00f5es financeiras. **<\/p><\/div><\/div>\t\t\t\t<\/div>\n\t\t\t\t<\/div>\n\t\t\t\t\t<\/div>\n\t\t<\/div>\n\t\t\t\t\t<\/div>\n\t\t<\/section>\n\t\t\t\t\t<\/div>\n\t\t<\/div>\n\t\t\t\t\t<\/div>\n\t\t<\/section>\n\t\t\t\t<\/div>\n\t\t","protected":false},"excerpt":{"rendered":"<p>Sob medida para voc\u00ea A\u00a0Araunah Tech oferece modelos de neg\u00f3cio \u00fanicos e atrativos aos seus clientes, buscando sempre a viabilidade para cada segmento de mercado e a melhor rela\u00e7\u00e3o custo-benef\u00edcio. Confira abaixo os principais modelos de neg\u00f3cio: Loca\u00e7\u00e3o Sem custo de implanta\u00e7\u00e3o e com a garantia de assist\u00eancia t\u00e9cnica o modelo de loca\u00e7\u00e3o da linha [&hellip;]<\/p>\n","protected":false},"author":1,"featured_media":0,"parent":0,"menu_order":0,"comment_status":"closed","ping_status":"closed","template":"","meta":{"footnotes":""},"class_list":["post-35","page","type-page","status-publish","hentry"],"_links":{"self":[{"href":"https:\/\/araunahtech.com.br\/index.php?rest_route=\/wp\/v2\/pages\/35","targetHints":{"allow":["GET"]}}],"collection":[{"href":"https:\/\/araunahtech.com.br\/index.php?rest_route=\/wp\/v2\/pages"}],"about":[{"href":"https:\/\/araunahtech.com.br\/index.php?rest_route=\/wp\/v2\/types\/page"}],"author":[{"embeddable":true,"href":"https:\/\/araunahtech.com.br\/index.php?rest_route=\/wp\/v2\/users\/1"}],"replies":[{"embeddable":true,"href":"https:\/\/araunahtech.com.br\/index.php?rest_route=%2Fwp%2Fv2%2Fcomments&post=35"}],"version-history":[{"count":37,"href":"https:\/\/araunahtech.com.br\/index.php?rest_route=\/wp\/v2\/pages\/35\/revisions"}],"predecessor-version":[{"id":1232,"href":"https:\/\/araunahtech.com.br\/index.php?rest_route=\/wp\/v2\/pages\/35\/revisions\/1232"}],"wp:attachment":[{"href":"https:\/\/araunahtech.com.br\/index.php?rest_route=%2Fwp%2Fv2%2Fmedia&parent=35"}],"curies":[{"name":"wp","href":"https:\/\/api.w.org\/{rel}","templated":true}]}}