{"id":517,"date":"2023-09-01T15:20:41","date_gmt":"2023-09-01T15:20:41","guid":{"rendered":"https:\/\/araunahtech.com.br\/?page_id=517"},"modified":"2023-10-31T00:49:37","modified_gmt":"2023-10-31T00:49:37","slug":"calibracao-de-valvulas-e-manometros","status":"publish","type":"page","link":"https:\/\/araunahtech.com.br\/?page_id=517","title":{"rendered":"Calibra\u00e7\u00e3o de V\u00e1lvulas e Man\u00f4metros"},"content":{"rendered":"\t\t<div data-elementor-type=\"wp-page\" data-elementor-id=\"517\" class=\"elementor elementor-517\" data-elementor-post-type=\"page\">\n\t\t\t\t\t\t<section class=\"elementor-section elementor-top-section elementor-element elementor-element-1b39650 elementor-section-full_width elementor-section-height-default elementor-section-height-default\" data-id=\"1b39650\" data-element_type=\"section\">\n\t\t\t\t\t\t<div class=\"elementor-container elementor-column-gap-default\">\n\t\t\t\t\t<div class=\"elementor-column elementor-col-100 elementor-top-column elementor-element elementor-element-a2ba167\" data-id=\"a2ba167\" data-element_type=\"column\">\n\t\t\t<div class=\"elementor-widget-wrap elementor-element-populated\">\n\t\t\t\t\t\t<div class=\"elementor-element elementor-element-38be090 elementor-widget elementor-widget-image\" data-id=\"38be090\" data-element_type=\"widget\" data-widget_type=\"image.default\">\n\t\t\t\t<div class=\"elementor-widget-container\">\n\t\t\t\t\t\t\t\t\t\t\t\t\t\t\t<img fetchpriority=\"high\" decoding=\"async\" width=\"1920\" height=\"450\" src=\"https:\/\/araunahtech.com.br\/wp-content\/uploads\/2023\/10\/CALIBRACAO-VALVULAS_1920x450px.jpg\" class=\"attachment-full size-full wp-image-1102\" alt=\"\" srcset=\"https:\/\/araunahtech.com.br\/wp-content\/uploads\/2023\/10\/CALIBRACAO-VALVULAS_1920x450px.jpg 1920w, https:\/\/araunahtech.com.br\/wp-content\/uploads\/2023\/10\/CALIBRACAO-VALVULAS_1920x450px-300x70.jpg 300w, https:\/\/araunahtech.com.br\/wp-content\/uploads\/2023\/10\/CALIBRACAO-VALVULAS_1920x450px-1024x240.jpg 1024w, https:\/\/araunahtech.com.br\/wp-content\/uploads\/2023\/10\/CALIBRACAO-VALVULAS_1920x450px-768x180.jpg 768w, https:\/\/araunahtech.com.br\/wp-content\/uploads\/2023\/10\/CALIBRACAO-VALVULAS_1920x450px-1536x360.jpg 1536w\" sizes=\"(max-width: 1920px) 100vw, 1920px\" \/>\t\t\t\t\t\t\t\t\t\t\t\t\t\t\t<\/div>\n\t\t\t\t<\/div>\n\t\t\t\t\t<\/div>\n\t\t<\/div>\n\t\t\t\t\t<\/div>\n\t\t<\/section>\n\t\t\t\t<section class=\"elementor-section elementor-top-section elementor-element elementor-element-da2c232 elementor-section-boxed elementor-section-height-default elementor-section-height-default\" data-id=\"da2c232\" data-element_type=\"section\">\n\t\t\t\t\t\t<div class=\"elementor-container elementor-column-gap-default\">\n\t\t\t\t\t<div class=\"elementor-column elementor-col-100 elementor-top-column elementor-element elementor-element-159e5d4\" data-id=\"159e5d4\" data-element_type=\"column\">\n\t\t\t<div class=\"elementor-widget-wrap elementor-element-populated\">\n\t\t\t\t\t\t<div class=\"elementor-element elementor-element-4266759 elementor-widget elementor-widget-text-editor\" data-id=\"4266759\" data-element_type=\"widget\" data-widget_type=\"text-editor.default\">\n\t\t\t\t<div class=\"elementor-widget-container\">\n\t\t\t\t\t\t\t\t\t<p>As v\u00e1lvulas de seguran\u00e7a s\u00e3o muito utilizadas em vasos de press\u00e3o e caldeiras, por serem meios confi\u00e1veis e eficazes de aliviar a press\u00e3o interna, e evitar que esta ultrapasse os limites de seguran\u00e7a, preservando as pessoas e os equipamentos da ind\u00fastria. <strong>Por isso a necessidade da calibra\u00e7\u00e3o precisa e da manuten\u00e7\u00e3o peri\u00f3dica, com t\u00e9cnicos especializados, a fim de manter estes equipamentos sempre em bom funcionamento. <\/strong><\/p>\t\t\t\t\t\t\t\t<\/div>\n\t\t\t\t<\/div>\n\t\t\t\t\t<\/div>\n\t\t<\/div>\n\t\t\t\t\t<\/div>\n\t\t<\/section>\n\t\t\t\t<section class=\"elementor-section elementor-top-section elementor-element elementor-element-035a9fc elementor-section-full_width elementor-section-height-default elementor-section-height-default\" data-id=\"035a9fc\" data-element_type=\"section\">\n\t\t\t\t\t\t<div class=\"elementor-container elementor-column-gap-default\">\n\t\t\t\t\t<div class=\"elementor-column elementor-col-100 elementor-top-column elementor-element elementor-element-8b01538\" data-id=\"8b01538\" data-element_type=\"column\">\n\t\t\t<div class=\"elementor-widget-wrap elementor-element-populated\">\n\t\t\t\t\t\t<div class=\"elementor-element elementor-element-fc471e1 elementor-widget elementor-widget-image\" data-id=\"fc471e1\" data-element_type=\"widget\" data-widget_type=\"image.default\">\n\t\t\t\t<div class=\"elementor-widget-container\">\n\t\t\t\t\t\t\t\t\t\t\t\t\t\t\t<img decoding=\"async\" width=\"1920\" height=\"965\" src=\"https:\/\/araunahtech.com.br\/wp-content\/uploads\/2023\/09\/foto-bancadas.jpg\" class=\"attachment-full size-full wp-image-518\" alt=\"\" srcset=\"https:\/\/araunahtech.com.br\/wp-content\/uploads\/2023\/09\/foto-bancadas.jpg 1920w, https:\/\/araunahtech.com.br\/wp-content\/uploads\/2023\/09\/foto-bancadas-300x151.jpg 300w, https:\/\/araunahtech.com.br\/wp-content\/uploads\/2023\/09\/foto-bancadas-1024x515.jpg 1024w, https:\/\/araunahtech.com.br\/wp-content\/uploads\/2023\/09\/foto-bancadas-768x386.jpg 768w, https:\/\/araunahtech.com.br\/wp-content\/uploads\/2023\/09\/foto-bancadas-1536x772.jpg 1536w\" sizes=\"(max-width: 1920px) 100vw, 1920px\" \/>\t\t\t\t\t\t\t\t\t\t\t\t\t\t\t<\/div>\n\t\t\t\t<\/div>\n\t\t\t\t\t<\/div>\n\t\t<\/div>\n\t\t\t\t\t<\/div>\n\t\t<\/section>\n\t\t\t\t<section class=\"elementor-section elementor-top-section elementor-element elementor-element-a928d40 elementor-section-full_width elementor-section-height-default elementor-section-height-default\" data-id=\"a928d40\" data-element_type=\"section\">\n\t\t\t\t\t\t<div class=\"elementor-container elementor-column-gap-default\">\n\t\t\t\t\t<div class=\"elementor-column elementor-col-100 elementor-top-column elementor-element elementor-element-47a2a3a\" data-id=\"47a2a3a\" data-element_type=\"column\">\n\t\t\t<div class=\"elementor-widget-wrap elementor-element-populated\">\n\t\t\t\t\t\t<div class=\"elementor-element elementor-element-155a99c elementor-widget elementor-widget-image\" data-id=\"155a99c\" data-element_type=\"widget\" data-widget_type=\"image.default\">\n\t\t\t\t<div class=\"elementor-widget-container\">\n\t\t\t\t\t\t\t\t\t\t\t\t\t\t\t<img decoding=\"async\" width=\"1920\" height=\"610\" src=\"https:\/\/araunahtech.com.br\/wp-content\/uploads\/2023\/09\/20211008_170002.jpg\" class=\"attachment-full size-full wp-image-520\" alt=\"\" srcset=\"https:\/\/araunahtech.com.br\/wp-content\/uploads\/2023\/09\/20211008_170002.jpg 1920w, https:\/\/araunahtech.com.br\/wp-content\/uploads\/2023\/09\/20211008_170002-300x95.jpg 300w, https:\/\/araunahtech.com.br\/wp-content\/uploads\/2023\/09\/20211008_170002-1024x325.jpg 1024w, https:\/\/araunahtech.com.br\/wp-content\/uploads\/2023\/09\/20211008_170002-768x244.jpg 768w, https:\/\/araunahtech.com.br\/wp-content\/uploads\/2023\/09\/20211008_170002-1536x488.jpg 1536w\" sizes=\"(max-width: 1920px) 100vw, 1920px\" \/>\t\t\t\t\t\t\t\t\t\t\t\t\t\t\t<\/div>\n\t\t\t\t<\/div>\n\t\t\t\t\t<\/div>\n\t\t<\/div>\n\t\t\t\t\t<\/div>\n\t\t<\/section>\n\t\t\t\t<section class=\"elementor-section elementor-top-section elementor-element elementor-element-7f10d79 elementor-section-boxed elementor-section-height-default elementor-section-height-default\" data-id=\"7f10d79\" data-element_type=\"section\">\n\t\t\t\t\t\t<div class=\"elementor-container elementor-column-gap-default\">\n\t\t\t\t\t<div class=\"elementor-column elementor-col-100 elementor-top-column elementor-element elementor-element-bc2bfdf\" data-id=\"bc2bfdf\" data-element_type=\"column\">\n\t\t\t<div class=\"elementor-widget-wrap elementor-element-populated\">\n\t\t\t\t\t\t<div class=\"elementor-element elementor-element-a69c549 elementor-widget elementor-widget-image\" data-id=\"a69c549\" data-element_type=\"widget\" data-widget_type=\"image.default\">\n\t\t\t\t<div class=\"elementor-widget-container\">\n\t\t\t\t\t\t\t\t\t\t\t\t\t\t\t<img loading=\"lazy\" decoding=\"async\" width=\"800\" height=\"605\" src=\"https:\/\/araunahtech.com.br\/wp-content\/uploads\/2023\/09\/calibrador-hudieze-1024x775.png\" class=\"attachment-large size-large wp-image-521\" alt=\"\" srcset=\"https:\/\/araunahtech.com.br\/wp-content\/uploads\/2023\/09\/calibrador-hudieze-1024x775.png 1024w, https:\/\/araunahtech.com.br\/wp-content\/uploads\/2023\/09\/calibrador-hudieze-300x227.png 300w, https:\/\/araunahtech.com.br\/wp-content\/uploads\/2023\/09\/calibrador-hudieze-768x581.png 768w, https:\/\/araunahtech.com.br\/wp-content\/uploads\/2023\/09\/calibrador-hudieze.png 1059w\" sizes=\"(max-width: 800px) 100vw, 800px\" \/>\t\t\t\t\t\t\t\t\t\t\t\t\t\t\t<\/div>\n\t\t\t\t<\/div>\n\t\t\t\t<section class=\"elementor-section elementor-inner-section elementor-element elementor-element-72c22f4 elementor-section-boxed elementor-section-height-default elementor-section-height-default\" data-id=\"72c22f4\" data-element_type=\"section\">\n\t\t\t\t\t\t<div class=\"elementor-container elementor-column-gap-default\">\n\t\t\t\t\t<div class=\"elementor-column elementor-col-50 elementor-inner-column elementor-element elementor-element-c7cf43b\" data-id=\"c7cf43b\" data-element_type=\"column\">\n\t\t\t<div class=\"elementor-widget-wrap elementor-element-populated\">\n\t\t\t\t\t\t<div class=\"elementor-element elementor-element-528c186 elementor-widget elementor-widget-image\" data-id=\"528c186\" data-element_type=\"widget\" data-widget_type=\"image.default\">\n\t\t\t\t<div class=\"elementor-widget-container\">\n\t\t\t\t\t\t\t\t\t\t\t\t\t\t\t<img loading=\"lazy\" decoding=\"async\" width=\"304\" height=\"324\" src=\"https:\/\/araunahtech.com.br\/wp-content\/uploads\/2023\/09\/Camada-108-1.png\" class=\"attachment-large size-large wp-image-523\" alt=\"\" srcset=\"https:\/\/araunahtech.com.br\/wp-content\/uploads\/2023\/09\/Camada-108-1.png 304w, https:\/\/araunahtech.com.br\/wp-content\/uploads\/2023\/09\/Camada-108-1-281x300.png 281w\" sizes=\"(max-width: 304px) 100vw, 304px\" \/>\t\t\t\t\t\t\t\t\t\t\t\t\t\t\t<\/div>\n\t\t\t\t<\/div>\n\t\t\t\t<div class=\"elementor-element elementor-element-ee5843b elementor-widget elementor-widget-image\" data-id=\"ee5843b\" data-element_type=\"widget\" data-widget_type=\"image.default\">\n\t\t\t\t<div class=\"elementor-widget-container\">\n\t\t\t\t\t\t\t\t\t\t\t\t\t\t\t<img loading=\"lazy\" decoding=\"async\" width=\"304\" height=\"304\" src=\"https:\/\/araunahtech.com.br\/wp-content\/uploads\/2023\/09\/Camada-1049.png\" class=\"attachment-large size-large wp-image-522\" alt=\"\" srcset=\"https:\/\/araunahtech.com.br\/wp-content\/uploads\/2023\/09\/Camada-1049.png 304w, https:\/\/araunahtech.com.br\/wp-content\/uploads\/2023\/09\/Camada-1049-300x300.png 300w, https:\/\/araunahtech.com.br\/wp-content\/uploads\/2023\/09\/Camada-1049-150x150.png 150w\" sizes=\"(max-width: 304px) 100vw, 304px\" \/>\t\t\t\t\t\t\t\t\t\t\t\t\t\t\t<\/div>\n\t\t\t\t<\/div>\n\t\t\t\t\t<\/div>\n\t\t<\/div>\n\t\t\t\t<div class=\"elementor-column elementor-col-50 elementor-inner-column elementor-element elementor-element-6bf325b\" data-id=\"6bf325b\" data-element_type=\"column\" data-settings=\"{&quot;background_background&quot;:&quot;classic&quot;}\">\n\t\t\t<div class=\"elementor-widget-wrap elementor-element-populated\">\n\t\t\t\t\t\t<div class=\"elementor-element elementor-element-c49cb53 elementor-widget elementor-widget-heading\" data-id=\"c49cb53\" data-element_type=\"widget\" data-widget_type=\"heading.default\">\n\t\t\t\t<div class=\"elementor-widget-container\">\n\t\t\t\t\t<h2 class=\"elementor-heading-title elementor-size-default\">Bancada de Calibra\u00e7\u00e3o<BR>\nHudieze B400\/25<\/h2>\t\t\t\t<\/div>\n\t\t\t\t<\/div>\n\t\t\t\t<div class=\"elementor-element elementor-element-8f6b80b elementor-widget elementor-widget-text-editor\" data-id=\"8f6b80b\" data-element_type=\"widget\" data-widget_type=\"text-editor.default\">\n\t\t\t\t<div class=\"elementor-widget-container\">\n\t\t\t\t\t\t\t\t\t<p>As Bancadas de Calibra\u00e7\u00e3o e Ensaio B400\/25 s\u00e3o fabricadas seguindo os mais rigorosos controles de qualidade, visando promover simplicidade operacional e precis\u00e3o nas calibra\u00e7\u00f5es, ajustes e ensaios para:<\/p>\t\t\t\t\t\t\t\t<\/div>\n\t\t\t\t<\/div>\n\t\t\t\t<div class=\"elementor-element elementor-element-7008f25 elementor-widget elementor-widget-text-editor\" data-id=\"7008f25\" data-element_type=\"widget\" data-widget_type=\"text-editor.default\">\n\t\t\t\t<div class=\"elementor-widget-container\">\n\t\t\t\t\t\t\t\t\t<p><span style=\"font-family: var( --e-global-typography-text-font-family ), Sans-serif; font-weight: var( --e-global-typography-text-font-weight ); font-size: 1rem;\">\u2022 v\u00e1lvulas de seguran\u00e7a de rosca e flangeadas para caldeiras e geradores de vapor;<\/span><\/p><p>\u2022 autoclaves e tubula\u00e7\u00f5es;<\/p><p>\u2022 V\u00e1lvulas de seguran\u00e7a e al\u00edvio para Am\u00f4nia e ar comprimido;<\/p><p>\u2022 vasos de press\u00e3o e tubula\u00e7\u00f5es;<\/p><p>\u2022 pressostatos;<\/p><p>\u2022 calibra\u00e7\u00e3o de man\u00f4metros rastre\u00e1veis RBC.<\/p>\t\t\t\t\t\t\t\t<\/div>\n\t\t\t\t<\/div>\n\t\t\t\t\t<\/div>\n\t\t<\/div>\n\t\t\t\t\t<\/div>\n\t\t<\/section>\n\t\t\t\t\t<\/div>\n\t\t<\/div>\n\t\t\t\t\t<\/div>\n\t\t<\/section>\n\t\t\t\t<section class=\"elementor-section elementor-top-section elementor-element elementor-element-35156a4 elementor-section-boxed elementor-section-height-default elementor-section-height-default\" data-id=\"35156a4\" data-element_type=\"section\">\n\t\t\t\t\t\t<div class=\"elementor-container elementor-column-gap-default\">\n\t\t\t\t\t<div class=\"elementor-column elementor-col-100 elementor-top-column elementor-element elementor-element-f87819f\" data-id=\"f87819f\" data-element_type=\"column\">\n\t\t\t<div class=\"elementor-widget-wrap elementor-element-populated\">\n\t\t\t\t\t\t<div class=\"elementor-element elementor-element-e4b06a8 elementor-widget elementor-widget-image\" data-id=\"e4b06a8\" data-element_type=\"widget\" data-widget_type=\"image.default\">\n\t\t\t\t<div class=\"elementor-widget-container\">\n\t\t\t\t\t\t\t\t\t\t\t\t\t\t\t<img loading=\"lazy\" decoding=\"async\" width=\"795\" height=\"419\" src=\"https:\/\/araunahtech.com.br\/wp-content\/uploads\/2023\/09\/titulo-ficha-tecnica.png\" class=\"attachment-large size-large wp-image-524\" alt=\"\" srcset=\"https:\/\/araunahtech.com.br\/wp-content\/uploads\/2023\/09\/titulo-ficha-tecnica.png 795w, https:\/\/araunahtech.com.br\/wp-content\/uploads\/2023\/09\/titulo-ficha-tecnica-300x158.png 300w, https:\/\/araunahtech.com.br\/wp-content\/uploads\/2023\/09\/titulo-ficha-tecnica-768x405.png 768w\" sizes=\"(max-width: 795px) 100vw, 795px\" \/>\t\t\t\t\t\t\t\t\t\t\t\t\t\t\t<\/div>\n\t\t\t\t<\/div>\n\t\t\t\t\t<\/div>\n\t\t<\/div>\n\t\t\t\t\t<\/div>\n\t\t<\/section>\n\t\t\t\t<section class=\"elementor-section elementor-top-section elementor-element elementor-element-854711f elementor-section-full_width elementor-section-height-min-height elementor-section-items-top elementor-section-content-top elementor-section-height-default\" data-id=\"854711f\" data-element_type=\"section\" data-settings=\"{&quot;background_background&quot;:&quot;classic&quot;}\">\n\t\t\t\t\t\t<div class=\"elementor-container elementor-column-gap-default\">\n\t\t\t\t\t<div class=\"elementor-column elementor-col-50 elementor-top-column elementor-element elementor-element-c17b36f\" data-id=\"c17b36f\" data-element_type=\"column\">\n\t\t\t<div class=\"elementor-widget-wrap\">\n\t\t\t\t\t\t\t<\/div>\n\t\t<\/div>\n\t\t\t\t<div class=\"elementor-column elementor-col-50 elementor-top-column elementor-element elementor-element-db18c3a\" data-id=\"db18c3a\" data-element_type=\"column\">\n\t\t\t<div class=\"elementor-widget-wrap elementor-element-populated\">\n\t\t\t\t\t\t<div class=\"elementor-element elementor-element-e6091c1 elementor-widget elementor-widget-image\" data-id=\"e6091c1\" data-element_type=\"widget\" data-widget_type=\"image.default\">\n\t\t\t\t<div class=\"elementor-widget-container\">\n\t\t\t\t\t\t\t\t\t\t\t\t\t\t\t<img loading=\"lazy\" decoding=\"async\" width=\"726\" height=\"726\" src=\"https:\/\/araunahtech.com.br\/wp-content\/uploads\/2023\/09\/bancada.png\" class=\"attachment-large size-large wp-image-527\" alt=\"\" srcset=\"https:\/\/araunahtech.com.br\/wp-content\/uploads\/2023\/09\/bancada.png 726w, https:\/\/araunahtech.com.br\/wp-content\/uploads\/2023\/09\/bancada-300x300.png 300w, https:\/\/araunahtech.com.br\/wp-content\/uploads\/2023\/09\/bancada-150x150.png 150w\" sizes=\"(max-width: 726px) 100vw, 726px\" \/>\t\t\t\t\t\t\t\t\t\t\t\t\t\t\t<\/div>\n\t\t\t\t<\/div>\n\t\t\t\t<div class=\"elementor-element elementor-element-c37d337 elementor-widget elementor-widget-heading\" data-id=\"c37d337\" data-element_type=\"widget\" data-widget_type=\"heading.default\">\n\t\t\t\t<div class=\"elementor-widget-container\">\n\t\t\t\t\t<h2 class=\"elementor-heading-title elementor-size-default\">Bancada de Calibra\u00e7\u00e3o<BR>\nHudieze B400\/25<\/h2>\t\t\t\t<\/div>\n\t\t\t\t<\/div>\n\t\t\t\t<div class=\"elementor-element elementor-element-1e0e5bc elementor-widget elementor-widget-text-editor\" data-id=\"1e0e5bc\" data-element_type=\"widget\" data-widget_type=\"text-editor.default\">\n\t\t\t\t<div class=\"elementor-widget-container\">\n\t\t\t\t\t\t\t\t\tCapacidade: -0,35 a 1.200 kgf\/cm\t\t\t\t\t\t\t\t<\/div>\n\t\t\t\t<\/div>\n\t\t\t\t<div class=\"elementor-element elementor-element-ce67bf2 elementor-widget elementor-widget-text-editor\" data-id=\"ce67bf2\" data-element_type=\"widget\" data-widget_type=\"text-editor.default\">\n\t\t\t\t<div class=\"elementor-widget-container\">\n\t\t\t\t\t\t\t\t\t<p><span style=\"color: var( --e-global-color-text ); font-family: var( --e-global-typography-text-font-family ), Sans-serif; font-weight: var( --e-global-typography-text-font-weight ); font-size: 1rem;\">Press\u00e3o de teste: 1.400 kgf\/cm\u00b2<\/span><\/p>\t\t\t\t\t\t\t\t<\/div>\n\t\t\t\t<\/div>\n\t\t\t\t<div class=\"elementor-element elementor-element-65482a8 elementor-absolute elementor-widget-mobile__width-auto elementor-widget elementor-widget-image\" data-id=\"65482a8\" data-element_type=\"widget\" data-settings=\"{&quot;_position&quot;:&quot;absolute&quot;}\" data-widget_type=\"image.default\">\n\t\t\t\t<div class=\"elementor-widget-container\">\n\t\t\t\t\t\t\t\t\t\t\t\t\t\t\t<img loading=\"lazy\" decoding=\"async\" width=\"566\" height=\"456\" src=\"https:\/\/araunahtech.com.br\/wp-content\/uploads\/2023\/09\/Equipe.png\" class=\"attachment-large size-large wp-image-526\" alt=\"\" srcset=\"https:\/\/araunahtech.com.br\/wp-content\/uploads\/2023\/09\/Equipe.png 566w, https:\/\/araunahtech.com.br\/wp-content\/uploads\/2023\/09\/Equipe-300x242.png 300w\" sizes=\"(max-width: 566px) 100vw, 566px\" \/>\t\t\t\t\t\t\t\t\t\t\t\t\t\t\t<\/div>\n\t\t\t\t<\/div>\n\t\t\t\t\t<\/div>\n\t\t<\/div>\n\t\t\t\t\t<\/div>\n\t\t<\/section>\n\t\t\t\t<\/div>\n\t\t","protected":false},"excerpt":{"rendered":"<p>As v\u00e1lvulas de seguran\u00e7a s\u00e3o muito utilizadas em vasos de press\u00e3o e caldeiras, por serem meios confi\u00e1veis e eficazes de aliviar a press\u00e3o interna, e evitar que esta ultrapasse os limites de seguran\u00e7a, preservando as pessoas e os equipamentos da ind\u00fastria. Por isso a necessidade da calibra\u00e7\u00e3o precisa e da manuten\u00e7\u00e3o peri\u00f3dica, com t\u00e9cnicos especializados, [&hellip;]<\/p>\n","protected":false},"author":1,"featured_media":0,"parent":0,"menu_order":0,"comment_status":"closed","ping_status":"closed","template":"","meta":{"footnotes":""},"class_list":["post-517","page","type-page","status-publish","hentry"],"_links":{"self":[{"href":"https:\/\/araunahtech.com.br\/index.php?rest_route=\/wp\/v2\/pages\/517","targetHints":{"allow":["GET"]}}],"collection":[{"href":"https:\/\/araunahtech.com.br\/index.php?rest_route=\/wp\/v2\/pages"}],"about":[{"href":"https:\/\/araunahtech.com.br\/index.php?rest_route=\/wp\/v2\/types\/page"}],"author":[{"embeddable":true,"href":"https:\/\/araunahtech.com.br\/index.php?rest_route=\/wp\/v2\/users\/1"}],"replies":[{"embeddable":true,"href":"https:\/\/araunahtech.com.br\/index.php?rest_route=%2Fwp%2Fv2%2Fcomments&post=517"}],"version-history":[{"count":15,"href":"https:\/\/araunahtech.com.br\/index.php?rest_route=\/wp\/v2\/pages\/517\/revisions"}],"predecessor-version":[{"id":1105,"href":"https:\/\/araunahtech.com.br\/index.php?rest_route=\/wp\/v2\/pages\/517\/revisions\/1105"}],"wp:attachment":[{"href":"https:\/\/araunahtech.com.br\/index.php?rest_route=%2Fwp%2Fv2%2Fmedia&parent=517"}],"curies":[{"name":"wp","href":"https:\/\/api.w.org\/{rel}","templated":true}]}}